{"id":998,"date":"2016-08-01T14:55:13","date_gmt":"2016-08-01T12:55:13","guid":{"rendered":"https:\/\/www.augustusmisano.it\/hotel-fronte-mare-misano\/"},"modified":"2020-02-26T16:23:19","modified_gmt":"2020-02-26T15:23:19","slug":"hotel-fronte-mare-misano","status":"publish","type":"page","link":"https:\/\/www.augustusmisano.it\/fr\/hotel-fronte-mare-misano\/","title":{"rendered":"Dans un h\u00f4tel directement sur la mer, les vacances ont une autre saveur"},"content":{"rendered":"<h3>L&rsquo;h\u00f4tel Augustus est situ\u00e9 juste en face de la mer, \u00e0 la fronti\u00e8re avec Riccione dans la paisible et verdoyante Misano.<\/h3>\n<p>\u00ab\u00a0Prenez vos pantoufles et votre maillot de bain et dans un instant vous serez sur la plage!\u00a0\u00bb<\/p>\n<p>Juste en face de l&rsquo;h\u00f4tel, vous trouverez nos 3 plages partenaires qui vous assureront des <strong>services tout compris en Romagne pour les familles et les couples.<\/strong><\/p>\n<ul>\n<li><strong>si vous \u00eates entre amis ou en couple &#8230; Bagni Tilde et Virgilio<\/strong><br \/>\nLe plus spacieux et relaxant, adapt\u00e9 aux couples et \u00e0 ceux qui n&rsquo;aiment pas la confusion, sans rochers devant et avec de <em>grands lits simples pour ceux qui aiment la d\u00e9tente et la commodit\u00e9 totale<\/em>, \u00e0 quelques pas de l&rsquo;h\u00f4tel vous garantit la commodit\u00e9 et d\u00e9tente en m\u00eame temps!<br \/>\nVirgilio est la premi\u00e8re plage de Riccione et fait partie de nos forfaits propos\u00e9s!<\/li>\n<li><strong>\u00cates-vous \u00e0 la recherche de commodit\u00e9? \u2026 Bagni Speranza<\/strong><br \/>\nPlus petite que les autres plages mais juste en face de l&rsquo;h\u00f4tel &#8230; c&rsquo;est <strong>la plage classique de la Romagne avec un ma\u00eetre nageur pr\u00eat \u00e0 vous accueillir<\/strong> et \u00e0 vous faire sentir comme \u00e0 la maison! Vous y trouverez le baby-foot, le coin jeux pour enfants avec carrousels et trampoline. La plage de nos offres &#8230; simple et fonctionnelle!<\/li>\n<li><strong>pour tout le monde &#8230; Bagni Cesare<\/strong><br \/>\nCesare, Nella et Oscar vous accueillent sur leur plage 2 \u00e0 Riccione Cesare.<br \/>\nSur cette plage, vous pouvez choisir entre des parasols ou des tentes tr\u00e8s spacieux, votre d\u00e9tente sera garantie par les lits avec un coussin moelleux et vous pourrez trouver toutes sortes de divertissements tels que le beach-volley, le tennis de plage, le football de plage, la table de ping-pong, la location Il a p\u00e9dal\u00e9 jusqu&rsquo;au panier de basket. Pour les plus petits, la plage offre une grande aire de jeux o\u00f9 ils peuvent s&rsquo;amuser en toute tranquillit\u00e9 et s\u00e9curit\u00e9 dans l&rsquo;aire de jeux g\u00e9ante, la plus grande du quartier.<\/li>\n<\/ul>\n<p><img loading=\"lazy\" decoding=\"async\" class=\"alignnone size-full wp-image-303\" src=\"https:\/\/www.augustusmisano.it\/wp-content\/uploads\/2020\/01\/mappa.jpg\" alt=\"\" width=\"2000\" height=\"555\" data-big-size=\"2000x555\" \/><\/p>\n<p>.<\/p>\n","protected":false},"excerpt":{"rendered":"<p>L&rsquo;h\u00f4tel Augustus est situ\u00e9 juste en face de la mer, \u00e0 la fronti\u00e8re avec Riccione dans la paisible et verdoyante Misano. \u00ab\u00a0Prenez vos pantoufles et votre maillot de bain et dans un instant vous serez sur la plage!\u00a0\u00bb Juste en face de l&rsquo;h\u00f4tel, vous trouverez nos 3 plages partenaires qui vous assureront des services tout compris en Romagne pour les familles et les couples. si vous \u00eates entre amis ou &#8230;<\/p>\n","protected":false},"author":1,"featured_media":0,"parent":0,"menu_order":0,"comment_status":"closed","ping_status":"closed","template":"","meta":{"_acf_changed":false},"class_list":["post-998","page","type-page","status-publish","hentry"],"acf":[],"_links":{"self":[{"href":"https:\/\/www.augustusmisano.it\/fr\/wp-json\/wp\/v2\/pages\/998","targetHints":{"allow":["GET"]}}],"collection":[{"href":"https:\/\/www.augustusmisano.it\/fr\/wp-json\/wp\/v2\/pages"}],"about":[{"href":"https:\/\/www.augustusmisano.it\/fr\/wp-json\/wp\/v2\/types\/page"}],"author":[{"embeddable":true,"href":"https:\/\/www.augustusmisano.it\/fr\/wp-json\/wp\/v2\/users\/1"}],"replies":[{"embeddable":true,"href":"https:\/\/www.augustusmisano.it\/fr\/wp-json\/wp\/v2\/comments?post=998"}],"version-history":[{"count":0,"href":"https:\/\/www.augustusmisano.it\/fr\/wp-json\/wp\/v2\/pages\/998\/revisions"}],"wp:attachment":[{"href":"https:\/\/www.augustusmisano.it\/fr\/wp-json\/wp\/v2\/media?parent=998"}],"curies":[{"name":"wp","href":"https:\/\/api.w.org\/{rel}","templated":true}]}}