{"id":992,"date":"2017-11-07T12:18:23","date_gmt":"2017-11-07T11:18:23","guid":{"rendered":"https:\/\/www.augustusmisano.it\/richiesta-preventivo\/"},"modified":"2020-02-25T11:03:05","modified_gmt":"2020-02-25T10:03:05","slug":"richiesta-preventivo","status":"publish","type":"page","link":"https:\/\/www.augustusmisano.it\/fr\/richiesta-preventivo\/","title":{"rendered":"Demande de devis"},"content":{"rendered":"<p>N.B. Le programme suivant n&rsquo;est pas activ\u00e9 pour calculer les devis avec 1 adulte dans la chambre plus les enfants, pour ce type de s\u00e9jour, veuillez \u00e9crire directement \u00e0 l&rsquo;h\u00f4tel.<\/p>\n","protected":false},"excerpt":{"rendered":"<p>N.B. Le programme suivant n&rsquo;est pas activ\u00e9 pour calculer les devis avec 1 adulte dans la chambre plus les enfants, pour ce type de s\u00e9jour, veuillez \u00e9crire directement \u00e0 l&rsquo;h\u00f4tel.<\/p>\n","protected":false},"author":1,"featured_media":0,"parent":0,"menu_order":0,"comment_status":"closed","ping_status":"closed","template":"template\/template.richiesta-preventivo.php","meta":{"_acf_changed":false},"class_list":["post-992","page","type-page","status-publish","hentry"],"acf":[],"_links":{"self":[{"href":"https:\/\/www.augustusmisano.it\/fr\/wp-json\/wp\/v2\/pages\/992","targetHints":{"allow":["GET"]}}],"collection":[{"href":"https:\/\/www.augustusmisano.it\/fr\/wp-json\/wp\/v2\/pages"}],"about":[{"href":"https:\/\/www.augustusmisano.it\/fr\/wp-json\/wp\/v2\/types\/page"}],"author":[{"embeddable":true,"href":"https:\/\/www.augustusmisano.it\/fr\/wp-json\/wp\/v2\/users\/1"}],"replies":[{"embeddable":true,"href":"https:\/\/www.augustusmisano.it\/fr\/wp-json\/wp\/v2\/comments?post=992"}],"version-history":[{"count":0,"href":"https:\/\/www.augustusmisano.it\/fr\/wp-json\/wp\/v2\/pages\/992\/revisions"}],"wp:attachment":[{"href":"https:\/\/www.augustusmisano.it\/fr\/wp-json\/wp\/v2\/media?parent=992"}],"curies":[{"name":"wp","href":"https:\/\/api.w.org\/{rel}","templated":true}]}}