{"id":989,"date":"2020-01-27T14:00:46","date_gmt":"2020-01-27T13:00:46","guid":{"rendered":"https:\/\/www.augustusmisano.it\/ristorante-misano\/"},"modified":"2022-01-17T09:59:08","modified_gmt":"2022-01-17T08:59:08","slug":"ristorante-misano","status":"publish","type":"page","link":"https:\/\/www.augustusmisano.it\/fr\/la-colazione\/ristorante-misano\/","title":{"rendered":"Votre cuisine typique Italienne avec vue sur la mer"},"content":{"rendered":"<h2>La cuisine est une fa\u00e7on de montrer l&rsquo;amour ici \u00e0 Misano Adriatico<\/h2>\n<p>En Romagne, la cuisine est un culte, la table est le c\u0153ur battant de nos vies et nous sommes friands de notre grande tradition, de marmonner des sauces pendant des heures, de griller toujours chaud pour un bon poisson frais \u00e0 manger en compagnie, \u00e0 la piadina qui cuisine sur le texte en fonte\u2026. \u00e0 partir de cette ann\u00e9e, nous voulons, encore plus, mettre la Romagne \u00e0 table sans contraintes mais avec la libert\u00e9 de choisir chaque jour votre plat pr\u00e9f\u00e9r\u00e9.<\/p>\n<p>Laissez-vous conqu\u00e9rir par notre buffet o\u00f9 vous pouvez choisir sur le moment, sans pr\u00e9cipitation, sans menus remplis la veille et avec des horaires hyper flexibles.<\/p>\n<p>Nous aimons les recettes maison de nos grands-m\u00e8res et nous aimons les nouveaut\u00e9s de la cuisine express internationale. L&rsquo;important est que tout soit fait \u00e0 la maison, avec amour.<\/p>\n<p>&nbsp;<\/p>\n<h2>La formule magique : plus de libert\u00e9 pour les \u00e9motions avec nos horaires flexibles.<\/h2>\n<p>Avec notre formule vous gagnez plus de temps et de libert\u00e9. Notre restaurant buffet dans un h\u00f4tel 3 \u00e9toiles \u00e0 Misano Adriatico avec une salle panoramique surplombant la mer est ouvert le matin pour le petit-d\u00e9jeuner, le d\u00e9jeuner et le d\u00eener : prenez votre temps car un bon plat ne nous manquera jamais !<\/p>\n<p>Pour le d\u00e9jeuner vous pouvez \u00e9galement vous arr\u00eater au buffet et emporter avec vous le d\u00e9jeuner \u00e0 emporter, composer votre bol et descendre sous le parasol avec nos gourmandises.<\/p>\n<p>Avez-vous des enfants? Vous serez heureux de savoir qu&rsquo;au buffet il y aura toujours du choix pour eux, aussi savoureux et sain que l&rsquo;a toujours \u00e9t\u00e9 notre menu b\u00e9b\u00e9.<\/p>\n","protected":false},"excerpt":{"rendered":"<p>La cuisine est une fa\u00e7on de montrer l&rsquo;amour ici \u00e0 Misano Adriatico En Romagne, la cuisine est un culte, la table est le c\u0153ur battant de nos vies et nous sommes friands de notre grande tradition, de marmonner des sauces pendant des heures, de griller toujours chaud pour un bon poisson frais \u00e0 manger en compagnie, \u00e0 la piadina qui cuisine sur le texte en fonte\u2026. \u00e0 partir de cette &#8230;<\/p>\n","protected":false},"author":1,"featured_media":0,"parent":977,"menu_order":0,"comment_status":"closed","ping_status":"closed","template":"","meta":{"_acf_changed":false},"class_list":["post-989","page","type-page","status-publish","hentry"],"acf":[],"_links":{"self":[{"href":"https:\/\/www.augustusmisano.it\/fr\/wp-json\/wp\/v2\/pages\/989","targetHints":{"allow":["GET"]}}],"collection":[{"href":"https:\/\/www.augustusmisano.it\/fr\/wp-json\/wp\/v2\/pages"}],"about":[{"href":"https:\/\/www.augustusmisano.it\/fr\/wp-json\/wp\/v2\/types\/page"}],"author":[{"embeddable":true,"href":"https:\/\/www.augustusmisano.it\/fr\/wp-json\/wp\/v2\/users\/1"}],"replies":[{"embeddable":true,"href":"https:\/\/www.augustusmisano.it\/fr\/wp-json\/wp\/v2\/comments?post=989"}],"version-history":[{"count":0,"href":"https:\/\/www.augustusmisano.it\/fr\/wp-json\/wp\/v2\/pages\/989\/revisions"}],"up":[{"embeddable":true,"href":"https:\/\/www.augustusmisano.it\/fr\/wp-json\/wp\/v2\/pages\/977"}],"wp:attachment":[{"href":"https:\/\/www.augustusmisano.it\/fr\/wp-json\/wp\/v2\/media?parent=989"}],"curies":[{"name":"wp","href":"https:\/\/api.w.org\/{rel}","templated":true}]}}