{"id":986,"date":"2020-01-27T15:23:59","date_gmt":"2020-01-27T14:23:59","guid":{"rendered":"https:\/\/www.augustusmisano.it\/family-hotel-misano-sul-mare\/"},"modified":"2020-02-25T10:26:08","modified_gmt":"2020-02-25T09:26:08","slug":"family-hotel-misano-sul-mare","status":"publish","type":"page","link":"https:\/\/www.augustusmisano.it\/fr\/family-hotel-misano-sul-mare\/","title":{"rendered":"D\u00e9di\u00e9 aux Familles : H\u00f4tel famille Misano Rimini"},"content":{"rendered":"<p>Gr\u00e2ce \u00e0 ses fonds marins peu profonds et ses belles plages bien \u00e9quip\u00e9es, Misano Adriatico est le lieu de destination id\u00e9ale o\u00f9 passer des vacances \u00e0 l\u2019enseigne de la d\u00e9tente et du divertissement en famille.<\/p>\n<p><strong>L&rsquo;h\u00f4tel Augustus met de nombreux services \u00e0 la disposition des parents<\/strong> qui d\u00e9sirent profiter au maximum d&rsquo;un s\u00e9jour en bord de mer en compagnie de leurs enfants.<\/p>\n<p>L\u2019h\u00f4tel est situ\u00e9 en bord de mer, face \u00e0 la plage et \u00e0 quelques pas du centre ville et du parc forain (Luna Park) de Misano \u00e9quip\u00e9 de jeux et de man\u00e8ges pour tous les \u00e2ges.<\/p>\n<h3>Dans la Chambre:<\/h3>\n<ul>\n<li><strong>Lits b\u00e9b\u00e9<\/strong> avec draps fantaisie<\/li>\n<li>Barri\u00e8res de s\u00e9curit\u00e9<\/li>\n<li>Baignoire b\u00e9b\u00e9 (sur demande)<\/li>\n<li>Chauffe-biberon (sur demande et selon disponibilit\u00e9)<\/li>\n<\/ul>\n<h3>Dans l&rsquo;<strong>h\u00f4tel <\/strong>:<\/h3>\n<ul>\n<li>V\u00e9los avec si\u00e8ges enfant avant et arri\u00e8re<\/li>\n<li><strong>Petite pharmacie p\u00e9diatrique<\/strong> pour les impr\u00e9vus<\/li>\n<li>Un p\u00e9diatre de confiance \u00e0 disposition (service payant sur appel)<\/li>\n<li><strong>Informations concernant les principaux parcs de jeux de la Riviera de Romagne<\/strong> et les activit\u00e9s \u00e0 l\u2019h\u00f4tel et sur la plage<\/li>\n<li><strong>Mini fridge dans la chambre<\/strong> (payant) ou possibilit\u00e9 de conserver lait, yaourts et petits pots dans le frigo de la cuisine ou du bar<\/li>\n<\/ul>\n<h3>Au restaurant:<\/h3>\n<ul>\n<li><strong>Menu b\u00e9b\u00e9<\/strong> con\u00e7u par notre chef et selon les conseils des meilleurs di\u00e9t\u00e9ticiens, \u00e0 base de produits toujours frais et de premi\u00e8re qualit\u00e9, pour des repas adapt\u00e9s aux plus petits.<\/li>\n<li><strong>Pour les plus petits (de 6 mois \u00e0 2 ans)<\/strong>, nous pr\u00e9parons avec soin et \u00e0 partir d\u2019ingr\u00e9dients frais: bouillon de l\u00e9gumes, soupe de l\u00e9gumes, bouillon de viande, petites p\u00e2tes, poisson bouilli et grill\u00e9, viande de veau hach\u00e9e, l\u00e9gumes vapeur, formages frais, pour r\u00e9pondre \u00e0 toutes vos exigences.<\/li>\n<li>Nous mettons \u00e0 votre disposition des chaises hautes ou de table, des serviettes de tables amusantes, des couverts, des assiettes et des verres pour enfant.<br \/>\nPour les parents qui d\u00e9sirent faire manger leurs jeunes enfants avant le repas des grands et en toute tranquillit\u00e9, le restaurant ouvre avant.<\/li>\n<\/ul>\n<h3>Sur la plage:<\/h3>\n<ul>\n<li>L\u2019h\u00f4tel se trouve en bord de mer, face \u00e0 la plage de Misano Adriatico<\/li>\n<li><strong>Mini club<\/strong> dans une aire r\u00e9serv\u00e9e et cl\u00f4tur\u00e9e, animation pour enfants<\/li>\n<li>Courts de volley sur sable, tennis sur sable et de nombreux jeux y compris des toboggans, des balan\u00e7oires, des ch\u00e2teaux en plastique et des maisons playmobil.<\/li>\n<li>Cabine enfants avec table \u00e0 langer, toilette b\u00e9b\u00e9 et lavabo<\/li>\n<li>Les jeux du Mini Club, les mini tournois et la danse pour tous petits occupent les enfants tandis que les adultes peuvent s\u2019adonner \u00e0 de n<strong>ombreuses activit\u00e9s comme le r\u00e9veil musculaire du matin, l\u2019a\u00e9robic, l\u2019\u00e9cole de danse et l\u2019aquagym.<\/strong><\/li>\n<\/ul>\n<div id='gallery-1' class='gallery galleryid-986  gallery-size-medium'><div class='owl-carousel owl-carousel-multiple-carousel-style'\n\t\t\t\t\t\t\tdata-owl-navigation='false'\n\t\t\t\t\t\t\tdata-owl-slide-speed='300'\n\t\t\t\t\t\t\tdata-owl-autoplay='false'\n\t\t\t\t\t\t\tdata-owl-dots='true'\n\t\t\t\t\t\t\tdata-owl-dots-speed='300'\n\t\t\t\t\t\t\tdata-owl-items-xs='1'data-owl-items-sm='2'data-owl-items-md='3'data-owl-items-lg='3'data-owl-items-xl='3'\n\t\t\t\t\t\t><figure class='gallery-item'>\n\t\t\t\t<div class='gallery-icon landscape'>\n\t\t\t\t\t<a href='https:\/\/www.augustusmisano.it\/wp-content\/uploads\/2020\/01\/Gallery-Family-02-Hotel-Augustus-Misano.jpg' data-size=\"1000x800\"><img loading=\"lazy\" decoding=\"async\" width=\"640\" height=\"420\" src=\"https:\/\/www.augustusmisano.it\/wp-content\/uploads\/2020\/01\/Gallery-Family-02-Hotel-Augustus-Misano-640x420.jpg\" class=\"attachment-medium size-medium\" alt=\"\" \/><\/a>\n\t\t\t\t<\/div><\/figure><figure class='gallery-item'>\n\t\t\t\t<div class='gallery-icon landscape'>\n\t\t\t\t\t<a href='https:\/\/www.augustusmisano.it\/wp-content\/uploads\/2020\/01\/Gallery-Family-01-Hotel-Augustus-Misano.jpg' data-size=\"1000x800\"><img loading=\"lazy\" decoding=\"async\" width=\"640\" height=\"420\" src=\"https:\/\/www.augustusmisano.it\/wp-content\/uploads\/2020\/01\/Gallery-Family-01-Hotel-Augustus-Misano-640x420.jpg\" class=\"attachment-medium size-medium\" alt=\"\" \/><\/a>\n\t\t\t\t<\/div><\/figure><figure class='gallery-item'>\n\t\t\t\t<div class='gallery-icon landscape'>\n\t\t\t\t\t<a href='https:\/\/www.augustusmisano.it\/wp-content\/uploads\/2020\/01\/Gallery-Family-03-Hotel-Augustus-Misano.jpg' data-size=\"1000x800\"><img loading=\"lazy\" decoding=\"async\" width=\"640\" height=\"420\" src=\"https:\/\/www.augustusmisano.it\/wp-content\/uploads\/2020\/01\/Gallery-Family-03-Hotel-Augustus-Misano-640x420.jpg\" class=\"attachment-medium size-medium\" alt=\"\" \/><\/a>\n\t\t\t\t<\/div><\/figure>\n\t\t\t<\/div>\n<\/div>\n\n","protected":false},"excerpt":{"rendered":"<p>Gr\u00e2ce \u00e0 ses fonds marins peu profonds et ses belles plages bien \u00e9quip\u00e9es, Misano Adriatico est le lieu de destination id\u00e9ale o\u00f9 passer des vacances \u00e0 l\u2019enseigne de la d\u00e9tente et du divertissement en famille. L&rsquo;h\u00f4tel Augustus met de nombreux services \u00e0 la disposition des parents qui d\u00e9sirent profiter au maximum d&rsquo;un s\u00e9jour en bord de mer en compagnie de leurs enfants. L\u2019h\u00f4tel est situ\u00e9 en bord de mer, face &#8230;<\/p>\n","protected":false},"author":1,"featured_media":0,"parent":0,"menu_order":0,"comment_status":"closed","ping_status":"closed","template":"","meta":{"_acf_changed":false},"class_list":["post-986","page","type-page","status-publish","hentry"],"acf":[],"_links":{"self":[{"href":"https:\/\/www.augustusmisano.it\/fr\/wp-json\/wp\/v2\/pages\/986","targetHints":{"allow":["GET"]}}],"collection":[{"href":"https:\/\/www.augustusmisano.it\/fr\/wp-json\/wp\/v2\/pages"}],"about":[{"href":"https:\/\/www.augustusmisano.it\/fr\/wp-json\/wp\/v2\/types\/page"}],"author":[{"embeddable":true,"href":"https:\/\/www.augustusmisano.it\/fr\/wp-json\/wp\/v2\/users\/1"}],"replies":[{"embeddable":true,"href":"https:\/\/www.augustusmisano.it\/fr\/wp-json\/wp\/v2\/comments?post=986"}],"version-history":[{"count":0,"href":"https:\/\/www.augustusmisano.it\/fr\/wp-json\/wp\/v2\/pages\/986\/revisions"}],"wp:attachment":[{"href":"https:\/\/www.augustusmisano.it\/fr\/wp-json\/wp\/v2\/media?parent=986"}],"curies":[{"name":"wp","href":"https:\/\/api.w.org\/{rel}","templated":true}]}}