{"id":977,"date":"2020-02-20T12:14:33","date_gmt":"2020-02-20T11:14:33","guid":{"rendered":"https:\/\/www.augustusmisano.it\/la-colazione\/"},"modified":"2020-02-25T10:05:01","modified_gmt":"2020-02-25T09:05:01","slug":"la-colazione","status":"publish","type":"page","link":"https:\/\/www.augustusmisano.it\/fr\/la-colazione\/","title":{"rendered":"Le petit d\u00e9jeuner"},"content":{"rendered":"<p>\u00c0 l&rsquo;h\u00f4tel Augustus \u00e0 Misano Adriatico, nous commen\u00e7ons la journ\u00e9e en grand et nous mettons au d\u00e9fi tout le monde de ne pas se perdre dans notre petit-d\u00e9jeuner buffet<\/p>\n<h2>Qui pr\u00e9f\u00e8re le Doux<\/h2>\n<ul>\n<li><strong>Toutes les p\u00e2tisseries pr\u00e9par\u00e9es quotidiennement<\/strong> par notre p\u00e2tissier ou par les propri\u00e9taires avec les recettes des grands-m\u00e8res: g\u00e2teau de la tradition, g\u00e2teaux aux mille saveurs, aux pommes, cannelle et noix, beignets bicolores, tartes au chocolat et bien plus encore!<\/li>\n<li><strong>Pour une saveur internationale:<\/strong> muffins am\u00e9ricains, cr\u00eapes molles aux myrtilles ou sirop d&rsquo;\u00e9rable<\/li>\n<li>De nombreux croissants multi-saveurs, beignets, Pan au chocolat et beignets &#8230;<\/li>\n<li>Accompagnez votre lait frais du savoureux Nesquik!<\/li>\n<li>Beaucoup de confitures, chocolat et p\u00e2tisseries avec biscottes et biscuits<\/li>\n<\/ul>\n<h2>Pour les amateurs de sal\u00e9<\/h2>\n<ul>\n<li>De nombreuses charcuteries romagnoles qui alternent tous les jours<\/li>\n<li>Saucisses et oeufs pour ceux qui aiment \u00eatre plus internationaux<\/li>\n<li>Pain de tous types, du classique \u00e0 la farine blanche au bl\u00e9 entier, parfait aussi pour les personnes intol\u00e9rantes au lactose<\/li>\n<\/ul>\n<h2>Pour ceux qui cherchent d&rsquo;abord le bien-\u00eatre<\/h2>\n<ul>\n<li>Infusions et boissons chaudes vous r\u00e9veillent tous les jours avec du caf\u00e9 d&rsquo;orge ou des grains comme au bar &#8230; et pourquoi ne pas d\u00e9guster une boisson au chocolat ou un th\u00e9 chaud?<\/li>\n<li>Lait frais et lait de soja associ\u00e9s \u00e0 nos jus de fruits<\/li>\n<li>Fruits frais<\/li>\n<li>Muesli et c\u00e9r\u00e9ales de diff\u00e9rents types<\/li>\n<li>Biscottes biologiques<\/li>\n<\/ul>\n<h2 style=\"text-align: center;\">Voulez-vous dormir un peu plus? Demandez votre petit d\u00e9jeuner au bar de l&rsquo;h\u00f4tel!<\/h2>\n<div id='gallery-1' class='gallery galleryid-977 gallery-columns-3 gallery-size-large'><figure class='gallery-item'>\n\t\t\t\t<div class='gallery-icon landscape'>\n\t\t\t\t\t<a href='https:\/\/www.augustusmisano.it\/wp-content\/uploads\/2020\/02\/647C45DC-C391-460B-9246-91A8878CAC99.jpg' data-size=\"1440x1440\"><img loading=\"lazy\" decoding=\"async\" width=\"1440\" height=\"1060\" src=\"https:\/\/www.augustusmisano.it\/wp-content\/uploads\/2020\/02\/647C45DC-C391-460B-9246-91A8878CAC99-1440x1060.jpg\" class=\"attachment-large size-large\" alt=\"\" \/><\/a>\n\t\t\t\t<\/div><\/figure><figure class='gallery-item'>\n\t\t\t\t<div class='gallery-icon landscape'>\n\t\t\t\t\t<a href='https:\/\/www.augustusmisano.it\/wp-content\/uploads\/2020\/02\/510FAE17-9F0D-4913-B2E1-297572023630.jpg' data-size=\"1440x1440\"><img loading=\"lazy\" decoding=\"async\" width=\"1440\" height=\"1060\" src=\"https:\/\/www.augustusmisano.it\/wp-content\/uploads\/2020\/02\/510FAE17-9F0D-4913-B2E1-297572023630-1440x1060.jpg\" class=\"attachment-large size-large\" alt=\"\" \/><\/a>\n\t\t\t\t<\/div><\/figure><figure class='gallery-item'>\n\t\t\t\t<div class='gallery-icon landscape'>\n\t\t\t\t\t<a href='https:\/\/www.augustusmisano.it\/wp-content\/uploads\/2020\/02\/FC19B517-EA10-49CF-AE16-A1237883A281.jpg' data-size=\"1440x1439\"><img loading=\"lazy\" decoding=\"async\" width=\"1440\" height=\"1060\" src=\"https:\/\/www.augustusmisano.it\/wp-content\/uploads\/2020\/02\/FC19B517-EA10-49CF-AE16-A1237883A281-1440x1060.jpg\" class=\"attachment-large size-large\" alt=\"\" \/><\/a>\n\t\t\t\t<\/div><\/figure>\n\t\t\t<\/div>\n\n","protected":false},"excerpt":{"rendered":"<p>\u00c0 l&rsquo;h\u00f4tel Augustus \u00e0 Misano Adriatico, nous commen\u00e7ons la journ\u00e9e en grand et nous mettons au d\u00e9fi tout le monde de ne pas se perdre dans notre petit-d\u00e9jeuner buffet Qui pr\u00e9f\u00e8re le Doux Toutes les p\u00e2tisseries pr\u00e9par\u00e9es quotidiennement par notre p\u00e2tissier ou par les propri\u00e9taires avec les recettes des grands-m\u00e8res: g\u00e2teau de la tradition, g\u00e2teaux aux mille saveurs, aux pommes, cannelle et noix, beignets bicolores, tartes au chocolat et bien &#8230;<\/p>\n","protected":false},"author":4,"featured_media":0,"parent":0,"menu_order":0,"comment_status":"closed","ping_status":"closed","template":"","meta":{"_acf_changed":false},"class_list":["post-977","page","type-page","status-publish","hentry"],"acf":[],"_links":{"self":[{"href":"https:\/\/www.augustusmisano.it\/fr\/wp-json\/wp\/v2\/pages\/977","targetHints":{"allow":["GET"]}}],"collection":[{"href":"https:\/\/www.augustusmisano.it\/fr\/wp-json\/wp\/v2\/pages"}],"about":[{"href":"https:\/\/www.augustusmisano.it\/fr\/wp-json\/wp\/v2\/types\/page"}],"author":[{"embeddable":true,"href":"https:\/\/www.augustusmisano.it\/fr\/wp-json\/wp\/v2\/users\/4"}],"replies":[{"embeddable":true,"href":"https:\/\/www.augustusmisano.it\/fr\/wp-json\/wp\/v2\/comments?post=977"}],"version-history":[{"count":0,"href":"https:\/\/www.augustusmisano.it\/fr\/wp-json\/wp\/v2\/pages\/977\/revisions"}],"wp:attachment":[{"href":"https:\/\/www.augustusmisano.it\/fr\/wp-json\/wp\/v2\/media?parent=977"}],"curies":[{"name":"wp","href":"https:\/\/api.w.org\/{rel}","templated":true}]}}