{"id":971,"date":"2020-02-24T17:09:43","date_gmt":"2020-02-24T16:09:43","guid":{"rendered":"https:\/\/www.augustusmisano.it\/misano-world-circuit-2\/"},"modified":"2020-02-25T09:24:40","modified_gmt":"2020-02-25T08:24:40","slug":"misano-world-circuit-2","status":"publish","type":"page","link":"https:\/\/www.augustusmisano.it\/fr\/misano-world-circuit-2\/","title":{"rendered":"MISANO WORLD CIRCUIT"},"content":{"rendered":"<h2>Vous recherchez un h\u00f4tel \u00e0 proximit\u00e9 du circuit de Misano? Vous l&rsquo;avez trouv\u00e9!<\/h2>\n<p>En plus de b\u00e9n\u00e9ficier d&rsquo;<strong>une position strat\u00e9gique juste en face de la mer \u00e0 Misano Adriatico<\/strong> et \u00e0 la fronti\u00e8re avec Riccione,<strong> l&rsquo;h\u00f4tel Augustus est \u00e9galement \u00e0 seulement 1 km<\/strong> <strong>de Misano World Circuit<\/strong> et est donc l&rsquo;h\u00f4tel id\u00e9al pour votre voiture, moto et pour tous les events qui se d\u00e9fient chaque jour sur le circuit de Misano.<\/p>\n<h2>Forfaits personnalis\u00e9s pour le Misano World Circuit et tous les billets pour toutes les courses \u00e0 40% de r\u00e9duction!<\/h2>\n<ul>\n<li>Solutions en <strong>chambres d&rsquo;h\u00f4tels nouveaux,<\/strong> demi-pension ou pension compl\u00e8te<\/li>\n<li>Possibilit\u00e9 de <strong>repas take away<\/strong> pour ceux qui souhaitent profiter du circuit toute la journ\u00e9e<\/li>\n<li><strong>Parking s\u00e9curis\u00e9 \u00e0 100 m<\/strong> de l&rsquo;h\u00f4tel pour la voiture<\/li>\n<li><strong>De copieux petits d\u00e9jeuners buffet continental<\/strong> pour vous donner de l&rsquo;\u00e9nergie toute la journ\u00e9e avec des desserts de la maison, un coin sal\u00e9, un coin bien-\u00eatre et bien plus encore &#8230;<\/li>\n<li>D\u00e9jeuners et d\u00eeners avec des menus de viande et de poisson tous les jours et de grands buffets de l\u00e9gumes crus, cuits et grill\u00e9s<\/li>\n<li><strong>Wifi gratuit<\/strong> dans toutes les chambres<\/li>\n<li>Climatisation ind\u00e9pendante<\/li>\n<\/ul>\n<p><img loading=\"lazy\" decoding=\"async\" class=\"size-full wp-image-1290 aligncenter\" src=\"https:\/\/www.augustusmisano.it\/wp-content\/uploads\/2013\/07\/banner_autodromo.jpg\" alt=\"banner_autodromo\" width=\"702\" height=\"150\" \/><\/p>\n<h3>Offres sp\u00e9ciales et forfaits pour groupes d&rsquo;au moins 15 personnes!<\/h3>\n<p>L&rsquo;h\u00f4tel Augustus est votre h\u00f4tel 3 \u00e9toiles \u00e0 Misano pr\u00e8s du Misano World Circuit, demandez un devis complet pour des \u00e9v\u00e9nements majeurs tels que <strong>Motogp, Superbike, championnat de vitesse, world trucking weekend<\/strong><\/p>\n","protected":false},"excerpt":{"rendered":"<p>Vous recherchez un h\u00f4tel \u00e0 proximit\u00e9 du circuit de Misano? Vous l&rsquo;avez trouv\u00e9! En plus de b\u00e9n\u00e9ficier d&rsquo;une position strat\u00e9gique juste en face de la mer \u00e0 Misano Adriatico et \u00e0 la fronti\u00e8re avec Riccione, l&rsquo;h\u00f4tel Augustus est \u00e9galement \u00e0 seulement 1 km de Misano World Circuit et est donc l&rsquo;h\u00f4tel id\u00e9al pour votre voiture, moto et pour tous les events qui se d\u00e9fient chaque jour sur le circuit de &#8230;<\/p>\n","protected":false},"author":4,"featured_media":0,"parent":0,"menu_order":0,"comment_status":"closed","ping_status":"closed","template":"","meta":{"_acf_changed":false},"class_list":["post-971","page","type-page","status-publish","hentry"],"acf":[],"_links":{"self":[{"href":"https:\/\/www.augustusmisano.it\/fr\/wp-json\/wp\/v2\/pages\/971","targetHints":{"allow":["GET"]}}],"collection":[{"href":"https:\/\/www.augustusmisano.it\/fr\/wp-json\/wp\/v2\/pages"}],"about":[{"href":"https:\/\/www.augustusmisano.it\/fr\/wp-json\/wp\/v2\/types\/page"}],"author":[{"embeddable":true,"href":"https:\/\/www.augustusmisano.it\/fr\/wp-json\/wp\/v2\/users\/4"}],"replies":[{"embeddable":true,"href":"https:\/\/www.augustusmisano.it\/fr\/wp-json\/wp\/v2\/comments?post=971"}],"version-history":[{"count":0,"href":"https:\/\/www.augustusmisano.it\/fr\/wp-json\/wp\/v2\/pages\/971\/revisions"}],"wp:attachment":[{"href":"https:\/\/www.augustusmisano.it\/fr\/wp-json\/wp\/v2\/media?parent=971"}],"curies":[{"name":"wp","href":"https:\/\/api.w.org\/{rel}","templated":true}]}}