{"id":958,"date":"2016-07-29T12:11:55","date_gmt":"2016-07-29T10:11:55","guid":{"rendered":"https:\/\/www.augustusmisano.it\/pagina-di-esempio\/"},"modified":"2025-12-04T17:34:55","modified_gmt":"2025-12-04T16:34:55","slug":"pagina-di-esempio","status":"publish","type":"page","link":"https:\/\/www.augustusmisano.it\/fr\/","title":{"rendered":"Ton h\u00f4tel 3 \u00e9toiles<br>sur la mer \u00e0 Misano Adriatico"},"content":{"rendered":"<p><strong>Nous de la famille Brighi-Giorgi g\u00e9rons l&rsquo;h\u00f4tel Augustus depuis 1953<\/strong> et nous sommes heureux de vous accueillir\u00a0 dans notre <strong>h\u00f4tel dans le centre de Misano Adriatique directement sur la mer.<\/strong><br \/>\nLa mer et la plage nous ont inspir\u00e9 les formes et les couleurs de cet h\u00f4tel de Misano, <strong>\u00e0 deux pas de Riccione<\/strong> avec des environnements lumineux et modernes, dans un style unique avec lignes modernes et confort.<\/p>\n<p>Ici vous trouverez la commodit\u00e9 d&rsquo;un <strong>h\u00f4tel 3 \u00e9toiles \u00e0 Misano<\/strong>, la tradition d&rsquo;une cuisine typique combin\u00e9e avec des chambres modernes et une position enviable.<br \/>\n\u00c0 l&rsquo;Augustus, vous serez accueilli comme dans une grande famille!<\/p>\n<p><img loading=\"lazy\" decoding=\"async\" class=\"size-full wp-image-257 alignright\" src=\"https:\/\/www.augustusmisano.it\/wp-content\/uploads\/2020\/01\/signatures.png\" alt=\"Giancarlo, Sandra, Annalisa e Francesca\" width=\"585\" height=\"76\" data-big-size=\"585x76\" \/><\/p>\n","protected":false},"excerpt":{"rendered":"<p>Nous de la famille Brighi-Giorgi g\u00e9rons l&rsquo;h\u00f4tel Augustus depuis 1953 et nous sommes heureux de vous accueillir\u00a0 dans notre h\u00f4tel dans le centre de Misano Adriatique directement sur la mer. La mer et la plage nous ont inspir\u00e9 les formes et les couleurs de cet h\u00f4tel de Misano, \u00e0 deux pas de Riccione avec des environnements lumineux et modernes, dans un style unique avec lignes modernes et confort. Ici vous &#8230;<\/p>\n","protected":false},"author":1,"featured_media":0,"parent":0,"menu_order":0,"comment_status":"closed","ping_status":"open","template":"","meta":{"_acf_changed":false},"class_list":["post-958","page","type-page","status-publish","hentry"],"acf":[],"_links":{"self":[{"href":"https:\/\/www.augustusmisano.it\/fr\/wp-json\/wp\/v2\/pages\/958","targetHints":{"allow":["GET"]}}],"collection":[{"href":"https:\/\/www.augustusmisano.it\/fr\/wp-json\/wp\/v2\/pages"}],"about":[{"href":"https:\/\/www.augustusmisano.it\/fr\/wp-json\/wp\/v2\/types\/page"}],"author":[{"embeddable":true,"href":"https:\/\/www.augustusmisano.it\/fr\/wp-json\/wp\/v2\/users\/1"}],"replies":[{"embeddable":true,"href":"https:\/\/www.augustusmisano.it\/fr\/wp-json\/wp\/v2\/comments?post=958"}],"version-history":[{"count":0,"href":"https:\/\/www.augustusmisano.it\/fr\/wp-json\/wp\/v2\/pages\/958\/revisions"}],"wp:attachment":[{"href":"https:\/\/www.augustusmisano.it\/fr\/wp-json\/wp\/v2\/media?parent=958"}],"curies":[{"name":"wp","href":"https:\/\/api.w.org\/{rel}","templated":true}]}}