{"id":601,"date":"2020-01-28T15:07:43","date_gmt":"2020-01-28T14:07:43","guid":{"rendered":"https:\/\/www.augustusmisano.it\/richiesta-informazioni\/"},"modified":"2020-01-30T17:41:09","modified_gmt":"2020-01-30T16:41:09","slug":"demande-dinformation","status":"publish","type":"page","link":"https:\/\/www.augustusmisano.it\/fr\/demande-dinformation\/","title":{"rendered":"Demande d\u2019information"},"content":{"rendered":"<p>Pour toutes questions ou informations s\u2019il vous pla\u00eet n\u2019h\u00e9sitez pas \u00e0 nous contacter, s\u2019il vous pla\u00eet remplir le formulaire ci-dessous et notre personnel vous r\u00e9pondra d\u00e8s que possible. Cependant, vous pouvez nous appeler au +39 0541 610626, nous serons en heureux de vous aider.<\/p>\n","protected":false},"excerpt":{"rendered":"<p>Pour toutes questions ou informations s\u2019il vous pla\u00eet n\u2019h\u00e9sitez pas \u00e0 nous contacter, s\u2019il vous pla\u00eet remplir le formulaire ci-dessous et notre personnel vous r\u00e9pondra d\u00e8s que possible. Cependant, vous pouvez nous appeler au +39 0541 610626, nous serons en heureux de vous aider.<\/p>\n","protected":false},"author":1,"featured_media":0,"parent":0,"menu_order":0,"comment_status":"closed","ping_status":"closed","template":"template\/template.richiesta-informazioni.php","meta":{"_acf_changed":false},"class_list":["post-601","page","type-page","status-publish","hentry"],"acf":[],"_links":{"self":[{"href":"https:\/\/www.augustusmisano.it\/fr\/wp-json\/wp\/v2\/pages\/601","targetHints":{"allow":["GET"]}}],"collection":[{"href":"https:\/\/www.augustusmisano.it\/fr\/wp-json\/wp\/v2\/pages"}],"about":[{"href":"https:\/\/www.augustusmisano.it\/fr\/wp-json\/wp\/v2\/types\/page"}],"author":[{"embeddable":true,"href":"https:\/\/www.augustusmisano.it\/fr\/wp-json\/wp\/v2\/users\/1"}],"replies":[{"embeddable":true,"href":"https:\/\/www.augustusmisano.it\/fr\/wp-json\/wp\/v2\/comments?post=601"}],"version-history":[{"count":0,"href":"https:\/\/www.augustusmisano.it\/fr\/wp-json\/wp\/v2\/pages\/601\/revisions"}],"wp:attachment":[{"href":"https:\/\/www.augustusmisano.it\/fr\/wp-json\/wp\/v2\/media?parent=601"}],"curies":[{"name":"wp","href":"https:\/\/api.w.org\/{rel}","templated":true}]}}