{"id":571,"date":"2017-10-23T15:57:14","date_gmt":"2017-10-23T13:57:14","guid":{"rendered":"https:\/\/www.augustusmisano.it\/camere\/"},"modified":"2020-02-26T16:24:45","modified_gmt":"2020-02-26T15:24:45","slug":"chambres","status":"publish","type":"page","link":"https:\/\/www.augustusmisano.it\/fr\/chambres\/","title":{"rendered":"Votre chambre sur la mer Adriatique"},"content":{"rendered":"<h3>Choisissez le type de chambre ideal pour vos vacances \u00e0 Misano pr\u00e8s de Rimini<\/h3>\n<p><strong>L&rsquo;h\u00f4tel Augustus au bord de mer \u00e0 Misano<\/strong> dispose de 4 types de chambres, <strong>toutes enti\u00e8rement neuves<\/strong>, elles peuvent vous offrir diff\u00e9rents types de vues et de balcons.<\/p>\n<p>Toutes sont \u00e9quip\u00e9es du confort principal, indispensable dans votre h\u00f4tel 3 \u00e9toiles \u00e0 Misano comme la cabine de douche surdimensionn\u00e9e, la domotique de derni\u00e8re g\u00e9n\u00e9ration, le wifi ultra-rapide, des \u00e9crans TV de 26 \u00e0 40 pouces, la climatisation ind\u00e9pendante et bien plus encore!<\/p>\n<p>Cela va de la chambre Confort la moins ch\u00e8re au Panoramic avec un balcon sur la mer,\u00a0 \u00e0 la Super romantique Relax Idro avec la douche hydro , ou \u00e0 la Relax Mare un bon compromis pour les familles.<\/p>\n","protected":false},"excerpt":{"rendered":"<p>Choisissez le type de chambre ideal pour vos vacances \u00e0 Misano pr\u00e8s de Rimini L&rsquo;h\u00f4tel Augustus au bord de mer \u00e0 Misano dispose de 4 types de chambres, toutes enti\u00e8rement neuves, elles peuvent vous offrir diff\u00e9rents types de vues et de balcons. Toutes sont \u00e9quip\u00e9es du confort principal, indispensable dans votre h\u00f4tel 3 \u00e9toiles \u00e0 Misano comme la cabine de douche surdimensionn\u00e9e, la domotique de derni\u00e8re g\u00e9n\u00e9ration, le wifi ultra-rapide, &#8230;<\/p>\n","protected":false},"author":1,"featured_media":0,"parent":0,"menu_order":0,"comment_status":"closed","ping_status":"closed","template":"template\/template.camere.php","meta":{"_acf_changed":false},"class_list":["post-571","page","type-page","status-publish","hentry"],"acf":[],"_links":{"self":[{"href":"https:\/\/www.augustusmisano.it\/fr\/wp-json\/wp\/v2\/pages\/571","targetHints":{"allow":["GET"]}}],"collection":[{"href":"https:\/\/www.augustusmisano.it\/fr\/wp-json\/wp\/v2\/pages"}],"about":[{"href":"https:\/\/www.augustusmisano.it\/fr\/wp-json\/wp\/v2\/types\/page"}],"author":[{"embeddable":true,"href":"https:\/\/www.augustusmisano.it\/fr\/wp-json\/wp\/v2\/users\/1"}],"replies":[{"embeddable":true,"href":"https:\/\/www.augustusmisano.it\/fr\/wp-json\/wp\/v2\/comments?post=571"}],"version-history":[{"count":0,"href":"https:\/\/www.augustusmisano.it\/fr\/wp-json\/wp\/v2\/pages\/571\/revisions"}],"wp:attachment":[{"href":"https:\/\/www.augustusmisano.it\/fr\/wp-json\/wp\/v2\/media?parent=571"}],"curies":[{"name":"wp","href":"https:\/\/api.w.org\/{rel}","templated":true}]}}