{"id":988,"date":"2020-01-27T14:00:46","date_gmt":"2020-01-27T13:00:46","guid":{"rendered":"https:\/\/www.augustusmisano.it\/ristorante-misano\/"},"modified":"2025-03-06T08:57:48","modified_gmt":"2025-03-06T07:57:48","slug":"hotel-pensione-completa-misano-adriatico","status":"publish","type":"page","link":"https:\/\/www.augustusmisano.it\/en\/la-colazione\/hotel-pensione-completa-misano-adriatico\/","title":{"rendered":"Il tuo hotel in pensione completa a Misano Adriatico"},"content":{"rendered":"<h3><strong>Il nostro Buongiorno con la super colazione a Buffet:\u00a0<\/strong><\/h3>\n<p>Inizia la giornata con il piede giusto grazie alla nostra super colazione! Ogni mattina sforniamo torte e biscotti fatti in casa, pronti per arricchire il nostro magico buffet dei dolci. Accanto ai sapori autentici della Romagna, con frutta e prodotti locali, troverai anche specialit\u00e0 internazionali come pancakes, muffin, uova strapazzate e bacon. E ogni giorno, qualcosa di nuovo per sorprenderti.<\/p>\n<h3>La cucina \u00e8 amore, soprattutto a Misano Adriatico<\/h3>\n<p>In Romagna, la tavola \u00e8 un rito, un momento di condivisione e passione. Siamo legati alla nostra tradizione, al sugo che sobbolle per ore, al pesce fresco sulla griglia, alla piadina calda sul testo di ghisa. E quest\u2019anno vogliamo portare ancora pi\u00f9 Romagna in tavola, ma con la libert\u00e0 di scegliere, ogni giorno, il piatto che pi\u00f9 ti ispira.<br \/>\nLasciati conquistare dal nostro buffet: niente men\u00f9 da compilare in anticipo, niente orari rigidi. Scegli al momento, senza fretta, e goditi ogni sapore.<\/p>\n<p>Amiamo le ricette casalinghe delle nostre nonne, ma anche la freschezza e la creativit\u00e0 della cucina internazionale. L\u2019unica regola? Tutto fatto in casa, con amore.<\/p>\n<h3>La formula magica: pi\u00f9 libert\u00e0, pi\u00f9 emozioni<\/h3>\n<p>Grazie ai nostri orari flessibili, hai pi\u00f9 tempo per te e per le tue emozioni. Il nostro ristorante a buffet, all\u2019interno del nostro hotel 3 stelle con sala panoramica sul mare, \u00e8 aperto a colazione, pranzo e cena. Nessuna corsa contro il tempo: un buon piatto ti aspetter\u00e0 sempre!<br \/>\nA pranzo, puoi anche scegliere l\u2019opzione take away: componi la tua bowl e goditela sotto l\u2019ombrellone.<\/p>\n<p><strong>E se viaggi con i pi\u00f9 piccoli, troverai sempre un\u2019ampia scelta di piatti gustosi e sani, pensati appositamente per loro.<\/strong><\/p>\n<p>Scopri il piacere di mangiare senza vincoli, solo con la libert\u00e0 di scegliere ogni giorno il meglio.<\/p>\n<div id='gallery-1' class='gallery galleryid-988 gallery-columns-4 gallery-size-thumbnail'><figure class='gallery-item'>\n\t\t\t\t<div class='gallery-icon portrait'>\n\t\t\t\t\t<a href='https:\/\/www.augustusmisano.it\/wp-content\/uploads\/2023\/07\/SOCIAL_Hotel-Augustus-Misano-in3pida-13.jpg' data-size=\"1277x1920\"><img loading=\"lazy\" decoding=\"async\" width=\"300\" height=\"300\" src=\"https:\/\/www.augustusmisano.it\/wp-content\/uploads\/2023\/07\/SOCIAL_Hotel-Augustus-Misano-in3pida-13-300x300.jpg\" class=\"attachment-thumbnail size-thumbnail\" alt=\"\" \/><\/a>\n\t\t\t\t<\/div><\/figure><figure class='gallery-item'>\n\t\t\t\t<div class='gallery-icon landscape'>\n\t\t\t\t\t<a href='https:\/\/www.augustusmisano.it\/wp-content\/uploads\/2023\/07\/SOCIAL_Hotel-Augustus-Misano-in3pida-14.jpg' data-size=\"1920x1277\"><img loading=\"lazy\" decoding=\"async\" width=\"300\" height=\"300\" src=\"https:\/\/www.augustusmisano.it\/wp-content\/uploads\/2023\/07\/SOCIAL_Hotel-Augustus-Misano-in3pida-14-300x300.jpg\" class=\"attachment-thumbnail size-thumbnail\" alt=\"\" \/><\/a>\n\t\t\t\t<\/div><\/figure><figure class='gallery-item'>\n\t\t\t\t<div class='gallery-icon landscape'>\n\t\t\t\t\t<a href='https:\/\/www.augustusmisano.it\/wp-content\/uploads\/2023\/07\/SOCIAL_Hotel-Augustus-Misano-in3pida-16.jpg' data-size=\"1920x1277\"><img loading=\"lazy\" decoding=\"async\" width=\"300\" height=\"300\" src=\"https:\/\/www.augustusmisano.it\/wp-content\/uploads\/2023\/07\/SOCIAL_Hotel-Augustus-Misano-in3pida-16-300x300.jpg\" class=\"attachment-thumbnail size-thumbnail\" alt=\"\" \/><\/a>\n\t\t\t\t<\/div><\/figure><figure class='gallery-item'>\n\t\t\t\t<div class='gallery-icon landscape'>\n\t\t\t\t\t<a href='https:\/\/www.augustusmisano.it\/wp-content\/uploads\/2023\/07\/SOCIAL_Hotel-Augustus-Misano-in3pida-17-1.jpg' data-size=\"1920x1381\"><img loading=\"lazy\" decoding=\"async\" width=\"300\" height=\"300\" src=\"https:\/\/www.augustusmisano.it\/wp-content\/uploads\/2023\/07\/SOCIAL_Hotel-Augustus-Misano-in3pida-17-1-300x300.jpg\" class=\"attachment-thumbnail size-thumbnail\" alt=\"\" \/><\/a>\n\t\t\t\t<\/div><\/figure><figure class='gallery-item'>\n\t\t\t\t<div class='gallery-icon portrait'>\n\t\t\t\t\t<a href='https:\/\/www.augustusmisano.it\/wp-content\/uploads\/2023\/07\/SOCIAL_Hotel-Augustus-Misano-in3pida-20.jpg' data-size=\"1418x1920\"><img loading=\"lazy\" decoding=\"async\" width=\"300\" height=\"300\" src=\"https:\/\/www.augustusmisano.it\/wp-content\/uploads\/2023\/07\/SOCIAL_Hotel-Augustus-Misano-in3pida-20-300x300.jpg\" class=\"attachment-thumbnail size-thumbnail\" alt=\"\" \/><\/a>\n\t\t\t\t<\/div><\/figure><figure class='gallery-item'>\n\t\t\t\t<div class='gallery-icon landscape'>\n\t\t\t\t\t<a href='https:\/\/www.augustusmisano.it\/wp-content\/uploads\/2023\/07\/SOCIAL_Hotel-Augustus-Misano-in3pida-24.jpg' data-size=\"1920x1277\"><img loading=\"lazy\" decoding=\"async\" width=\"300\" height=\"300\" src=\"https:\/\/www.augustusmisano.it\/wp-content\/uploads\/2023\/07\/SOCIAL_Hotel-Augustus-Misano-in3pida-24-300x300.jpg\" class=\"attachment-thumbnail size-thumbnail\" alt=\"\" \/><\/a>\n\t\t\t\t<\/div><\/figure><figure class='gallery-item'>\n\t\t\t\t<div class='gallery-icon landscape'>\n\t\t\t\t\t<a href='https:\/\/www.augustusmisano.it\/wp-content\/uploads\/2023\/07\/SOCIAL_Hotel-Augustus-Misano-in3pida-25-1.jpg' data-size=\"1920x1141\"><img loading=\"lazy\" decoding=\"async\" width=\"300\" height=\"300\" src=\"https:\/\/www.augustusmisano.it\/wp-content\/uploads\/2023\/07\/SOCIAL_Hotel-Augustus-Misano-in3pida-25-1-300x300.jpg\" class=\"attachment-thumbnail size-thumbnail\" alt=\"\" \/><\/a>\n\t\t\t\t<\/div><\/figure><figure class='gallery-item'>\n\t\t\t\t<div class='gallery-icon portrait'>\n\t\t\t\t\t<a href='https:\/\/www.augustusmisano.it\/wp-content\/uploads\/2023\/07\/SOCIAL_Hotel-Augustus-Misano-in3pida-27.jpg' data-size=\"1277x1920\"><img loading=\"lazy\" decoding=\"async\" width=\"300\" height=\"300\" src=\"https:\/\/www.augustusmisano.it\/wp-content\/uploads\/2023\/07\/SOCIAL_Hotel-Augustus-Misano-in3pida-27-300x300.jpg\" class=\"attachment-thumbnail size-thumbnail\" alt=\"\" \/><\/a>\n\t\t\t\t<\/div><\/figure><figure class='gallery-item'>\n\t\t\t\t<div class='gallery-icon landscape'>\n\t\t\t\t\t<a href='https:\/\/www.augustusmisano.it\/wp-content\/uploads\/2023\/07\/SOCIAL_Hotel-Augustus-Misano-in3pida-28-1.jpg' data-size=\"1920x1134\"><img loading=\"lazy\" decoding=\"async\" width=\"300\" height=\"300\" src=\"https:\/\/www.augustusmisano.it\/wp-content\/uploads\/2023\/07\/SOCIAL_Hotel-Augustus-Misano-in3pida-28-1-300x300.jpg\" class=\"attachment-thumbnail size-thumbnail\" alt=\"\" \/><\/a>\n\t\t\t\t<\/div><\/figure><figure class='gallery-item'>\n\t\t\t\t<div class='gallery-icon portrait'>\n\t\t\t\t\t<a href='https:\/\/www.augustusmisano.it\/wp-content\/uploads\/2023\/07\/SOCIAL_Hotel-Augustus-Misano-in3pida-31-1.jpg' data-size=\"1667x1920\"><img loading=\"lazy\" decoding=\"async\" width=\"300\" height=\"300\" src=\"https:\/\/www.augustusmisano.it\/wp-content\/uploads\/2023\/07\/SOCIAL_Hotel-Augustus-Misano-in3pida-31-1-300x300.jpg\" class=\"attachment-thumbnail size-thumbnail\" alt=\"\" \/><\/a>\n\t\t\t\t<\/div><\/figure>\n\t\t\t<\/div>\n\n","protected":false},"excerpt":{"rendered":"<p>Il nostro Buongiorno con la super colazione a Buffet:\u00a0 Inizia la giornata con il piede giusto grazie alla nostra super colazione! Ogni mattina sforniamo torte e biscotti fatti in casa, pronti per arricchire il nostro magico buffet dei dolci. Accanto ai sapori autentici della Romagna, con frutta e prodotti locali, troverai anche specialit\u00e0 internazionali come pancakes, muffin, uova strapazzate e bacon. E ogni giorno, qualcosa di nuovo per sorprenderti. La &#8230;<\/p>\n","protected":false},"author":1,"featured_media":0,"parent":976,"menu_order":0,"comment_status":"closed","ping_status":"closed","template":"","meta":{"_acf_changed":false},"class_list":["post-988","page","type-page","status-publish","hentry"],"acf":[],"_links":{"self":[{"href":"https:\/\/www.augustusmisano.it\/en\/wp-json\/wp\/v2\/pages\/988","targetHints":{"allow":["GET"]}}],"collection":[{"href":"https:\/\/www.augustusmisano.it\/en\/wp-json\/wp\/v2\/pages"}],"about":[{"href":"https:\/\/www.augustusmisano.it\/en\/wp-json\/wp\/v2\/types\/page"}],"author":[{"embeddable":true,"href":"https:\/\/www.augustusmisano.it\/en\/wp-json\/wp\/v2\/users\/1"}],"replies":[{"embeddable":true,"href":"https:\/\/www.augustusmisano.it\/en\/wp-json\/wp\/v2\/comments?post=988"}],"version-history":[{"count":0,"href":"https:\/\/www.augustusmisano.it\/en\/wp-json\/wp\/v2\/pages\/988\/revisions"}],"up":[{"embeddable":true,"href":"https:\/\/www.augustusmisano.it\/en\/wp-json\/wp\/v2\/pages\/976"}],"wp:attachment":[{"href":"https:\/\/www.augustusmisano.it\/en\/wp-json\/wp\/v2\/media?parent=988"}],"curies":[{"name":"wp","href":"https:\/\/api.w.org\/{rel}","templated":true}]}}