{"id":973,"date":"2020-02-22T09:04:07","date_gmt":"2020-02-22T08:04:07","guid":{"rendered":"https:\/\/www.augustusmisano.it\/il-pranzo-e-la-cena\/"},"modified":"2024-11-22T11:21:18","modified_gmt":"2024-11-22T10:21:18","slug":"il-pranzo-e-la-cena","status":"publish","type":"page","link":"https:\/\/www.augustusmisano.it\/en\/la-colazione\/hotel-pensione-completa-misano-adriatico\/il-pranzo-e-la-cena\/","title":{"rendered":"Il pranzo e la cena"},"content":{"rendered":"<p>Dici Romagna e pensi al cibo giusto? Alla tradizione , al rag\u00f9 della nonna e alla piadina!<\/p>\n<p><img loading=\"lazy\" decoding=\"async\" class=\"size-medium wp-image-2133 alignleft\" src=\"https:\/\/www.augustusmisano.it\/wp-content\/uploads\/2023\/07\/SOCIAL_Hotel-Augustus-Misano-in3pida-31-1-640x420.jpg\" alt=\"\" width=\"640\" height=\"420\" data-big-size=\"1667x1920\" \/><\/p>\n<p>All&#8217;Augustus troverai questo e molto di pi\u00f9! Il nostro ristorante ti proporr\u00e0 <strong>2 buffet increbili e gustosi<\/strong> in un concentrato di cucina di mare, di terra e vegetariana<\/p>\n<p>tutti i giorni troverai <strong>il pesce dell\u2019Adriatico, la carne a kilometro zero dei nostri fornitori, <\/strong>potrai scegliere ci\u00f2 che pi\u00f9 &#8220;ti ispira&#8221; al momento e accompagnarlo con la nostra serie di antipasti e verdure<\/p>\n<p><strong>crude<\/strong>,\u00a0<strong>cotte<\/strong>\u00a0e\u00a0<strong>grigliate<\/strong>, ai nostri\u00a0<strong>antipasti<\/strong>\u00a0e alle\u00a0<strong>insalate mille gusti<\/strong>\u00a0o alle\u00a0<strong>pizze e focacce appena sfornate<\/strong>.<\/p>\n<p>Portando avanti le ricette sapientemente tramandateci dalle nostre nonne,<strong> tutte le paste fresche e ripiene sono fatte in casa per un&#8217;esperienza unica e gustosa&#8230; <\/strong>deliziati con gli gnocchi, le tagliatelle appena stese, le lasagne ripiene, i tagliolini allo scoglio e tanto altro ancora..<\/p>\n<p>&nbsp;<\/p>\n<p>&nbsp;<\/p>\n<p>&nbsp;<\/p>\n<p>&nbsp;<\/p>\n<p>&nbsp;<\/p>\n<p>&nbsp;<\/p>\n<p><img loading=\"lazy\" decoding=\"async\" class=\"size-medium wp-image-2045 alignright\" src=\"https:\/\/www.augustusmisano.it\/wp-content\/uploads\/2023\/07\/SOCIAL_Hotel-Augustus-Misano-in3pida-53-640x420.jpg\" alt=\"\" width=\"640\" height=\"420\" data-big-size=\"1920x1277\" \/><\/p>\n<p>&nbsp;<\/p>\n<p>&nbsp;<\/p>\n<p>Accompagna il tutto con le bevande sempre comprese ed illimitate e se vuoi dare quello sprint in pi\u00f9 abbiamo un&#8217;ottima <strong>Carta dei Vini<\/strong> super selezionata.<\/p>\n<p><strong>Ogni giorno dalle 12.30 e fino alle 13.45 ti aspettiamo a pranzo<\/strong> e la sera <strong>dalle 19.30 alle 20.45 ti sorprenderemo con la cena<\/strong> che una volta a settimana sar\u00e0 TIPICAMENTE ROMAGNOLA con prodotti a km0 provenienti da aziende agricole del territorio scelti e studiati per rendere la tua esperienza unica.<\/p>\n<p>&nbsp;<\/p>\n<p><strong>Non vuoi sederti a tavola ma goderti le magnifiche giornate estive?<\/strong> Vieni al nostro buffet e chiedi ilnostro <strong>&#8220;beach away menu&#8221;<\/strong> da portare con te sotto l&#8217;ombrellone e non mettere mai in pausa il tuo relax al mare.<\/p>\n<p>&nbsp;<\/p>\n<p>&nbsp;<\/p>\n<p><strong>Per i bambini:<\/strong><\/p>\n<p>non ti preoccupare! qui abbiamo sempre alternative gustose e pi\u00f9 semplici e per i bambini pi\u00f9 piccoli, inoltre, avrai la possibilit\u00e0 di ordinare minestrine, passati, pesce e carne a misura del tuo piccolo<\/p>\n<p>&nbsp;<\/p>\n<div id='gallery-1' class='gallery galleryid-973 gallery-columns-3 gallery-size-large'><figure class='gallery-item'>\n\t\t\t\t<div class='gallery-icon landscape'>\n\t\t\t\t\t<a href='https:\/\/www.augustusmisano.it\/en\/la-colazione\/hotel-pensione-completa-misano-adriatico\/social_hotel-augustus-misano-in3pida-25-2-2\/' data-size=\"1920x1141\"><img loading=\"lazy\" decoding=\"async\" width=\"1800\" height=\"1060\" src=\"https:\/\/www.augustusmisano.it\/wp-content\/uploads\/2023\/07\/SOCIAL_Hotel-Augustus-Misano-in3pida-25-1-1800x1060.jpg\" class=\"attachment-large size-large\" alt=\"\" \/><\/a>\n\t\t\t\t<\/div><\/figure><figure class='gallery-item'>\n\t\t\t\t<div class='gallery-icon landscape'>\n\t\t\t\t\t<a href='https:\/\/www.augustusmisano.it\/en\/la-colazione\/hotel-pensione-completa-misano-adriatico\/social_hotel-augustus-misano-in3pida-24-2\/' data-size=\"1920x1277\"><img loading=\"lazy\" decoding=\"async\" width=\"1800\" height=\"1060\" src=\"https:\/\/www.augustusmisano.it\/wp-content\/uploads\/2023\/07\/SOCIAL_Hotel-Augustus-Misano-in3pida-24-1800x1060.jpg\" class=\"attachment-large size-large\" alt=\"\" \/><\/a>\n\t\t\t\t<\/div><\/figure><figure class='gallery-item'>\n\t\t\t\t<div class='gallery-icon landscape'>\n\t\t\t\t\t<a href='https:\/\/www.augustusmisano.it\/en\/la-colazione\/hotel-pensione-completa-misano-adriatico\/social_hotel-augustus-misano-in3pida-28-2\/' data-size=\"1920x1134\"><img loading=\"lazy\" decoding=\"async\" width=\"1800\" height=\"1060\" src=\"https:\/\/www.augustusmisano.it\/wp-content\/uploads\/2023\/07\/SOCIAL_Hotel-Augustus-Misano-in3pida-28-1800x1060.jpg\" class=\"attachment-large size-large\" alt=\"\" \/><\/a>\n\t\t\t\t<\/div><\/figure>\n\t\t\t<\/div>\n\n","protected":false},"excerpt":{"rendered":"<p>Dici Romagna e pensi al cibo giusto? Alla tradizione , al rag\u00f9 della nonna e alla piadina! All&#8217;Augustus troverai questo e molto di pi\u00f9! Il nostro ristorante ti proporr\u00e0 2 buffet increbili e gustosi in un concentrato di cucina di mare, di terra e vegetariana tutti i giorni troverai il pesce dell\u2019Adriatico, la carne a kilometro zero dei nostri fornitori, potrai scegliere ci\u00f2 che pi\u00f9 &#8220;ti ispira&#8221; al momento e &#8230;<\/p>\n","protected":false},"author":4,"featured_media":0,"parent":988,"menu_order":0,"comment_status":"closed","ping_status":"closed","template":"","meta":{"_acf_changed":false},"class_list":["post-973","page","type-page","status-publish","hentry"],"acf":[],"_links":{"self":[{"href":"https:\/\/www.augustusmisano.it\/en\/wp-json\/wp\/v2\/pages\/973","targetHints":{"allow":["GET"]}}],"collection":[{"href":"https:\/\/www.augustusmisano.it\/en\/wp-json\/wp\/v2\/pages"}],"about":[{"href":"https:\/\/www.augustusmisano.it\/en\/wp-json\/wp\/v2\/types\/page"}],"author":[{"embeddable":true,"href":"https:\/\/www.augustusmisano.it\/en\/wp-json\/wp\/v2\/users\/4"}],"replies":[{"embeddable":true,"href":"https:\/\/www.augustusmisano.it\/en\/wp-json\/wp\/v2\/comments?post=973"}],"version-history":[{"count":0,"href":"https:\/\/www.augustusmisano.it\/en\/wp-json\/wp\/v2\/pages\/973\/revisions"}],"up":[{"embeddable":true,"href":"https:\/\/www.augustusmisano.it\/en\/wp-json\/wp\/v2\/pages\/988"}],"wp:attachment":[{"href":"https:\/\/www.augustusmisano.it\/en\/wp-json\/wp\/v2\/media?parent=973"}],"curies":[{"name":"wp","href":"https:\/\/api.w.org\/{rel}","templated":true}]}}