{"id":964,"date":"2020-02-24T17:33:52","date_gmt":"2020-02-24T16:33:52","guid":{"rendered":"https:\/\/www.augustusmisano.it\/benvenuto-allhotel-augustus\/"},"modified":"2020-02-24T17:33:52","modified_gmt":"2020-02-24T16:33:52","slug":"benvenuto-allhotel-augustus","status":"publish","type":"page","link":"https:\/\/www.augustusmisano.it\/en\/benvenuto-allhotel-augustus\/","title":{"rendered":"Benvenuto all&#8217;hotel Augustus!\u00a0"},"content":{"rendered":"<p>Ciao! Benvenuto a Misano Adriatico da parte di tutti noi della famiglia Brighi- Giorgi e da parte di tutto il nostro staff.<\/p>\n<p>Siamo a disposizione per qualsiasi tua domanda o richiesta, qui siamo in famiglia! Ti lasciamo solo qualche indicazione per il tuo soggiorno e qualche informazione e idea per migliorare sempre di pi\u00f9 la tua vacanza a Misano :<\/p>\n<h2>LA CAMERA:<\/h2>\n<ul style=\"list-style-type: square;\">\n<li>La camera \u00e8 a tua disposizione dalle ore 12.00 del giorno di arrivo alle ore 10.00 del giorno di partenza . Se ne hai necessit\u00e0 puoi effettuare un late check-out se la stanza \u00e8 disponibile al costo di euro 20 a persona fino alle ore 10 del giorno stesso di partenza . Chiedici pure se abbiamo disponibilit\u00e0!<\/li>\n<li>Hai bisogno del minifrigo? puoi prenotarlo in Reception al costo di 3 euro al giorno<\/li>\n<\/ul>\n<h2>I PASTI:<\/h2>\n<ul>\n<li>La colazione \u00e8 usufruibile dalle ore 7.45 alle ore 9.45 , il pranzo dalle 12.30 alle 13.00 e la cena dalle 19.30 alle 20.00 questi sono solo ORARI DI ENTRATA poi potrai mangiare con calma<\/li>\n<li>In sala pranzo abbiamo tutto il necessario per i tuoi bambini , chiedi a noi il seggiolone, la tovaglietta e la posateria<\/li>\n<li>Amante del vino? Potrai trovare un&#8217;ampia carta vini a kmzero ma anche da tutta italia e internazionale<\/li>\n<li>Il gioved\u00ec facci compagnia nella tipica Cena Romagnola con musica e piatti tipici della nostra zona, non vorrai mica andare a casa senza aver gustato la mitica piadina Romagnola?<\/li>\n<li>Se pranzi o ceni fuori chiedici pure il packet-lunch oppure avvisaci della tua assenza, ti ricordiamo per\u00f2 che i pasti non consumati non potranno essere detratti<\/li>\n<li>Un bel aperitivo o un drink dopo cena tra amici o in famiglia? Al bar troverai Francesca che ti proporr\u00e0 il cocktail migliore per te!<\/li>\n<\/ul>\n<h2>I DIVERTIMENTI:<\/h2>\n<ul>\n<li><strong>Pacchetto SPA Pomeridiano alle acque termali alle Terme di Riccione<\/strong>\u00a0con piscine coperte, percorso sensoriale e zone relax euro 19 + kit spa in OMAGGIO<\/li>\n<li><strong>Biglietti dei Parchi divertimento<\/strong> : Oltremare, Le Navi Cattolica e su prenotazione di almeno 24h anche Italia in Miniatura<\/li>\n<li>Visita gratuitamente <strong>la Fondazione Cetacea<\/strong> dove potrai ammirare le secolari Tartarughe di Mare e\u00a0 la loro maestosit\u00e0<\/li>\n<\/ul>\n","protected":false},"excerpt":{"rendered":"<p>Ciao! Benvenuto a Misano Adriatico da parte di tutti noi della famiglia Brighi- Giorgi e da parte di tutto il nostro staff. Siamo a disposizione per qualsiasi tua domanda o richiesta, qui siamo in famiglia! Ti lasciamo solo qualche indicazione per il tuo soggiorno e qualche informazione e idea per migliorare sempre di pi\u00f9 la tua vacanza a Misano : LA CAMERA: La camera \u00e8 a tua disposizione dalle ore &#8230;<\/p>\n","protected":false},"author":4,"featured_media":0,"parent":0,"menu_order":0,"comment_status":"closed","ping_status":"closed","template":"","meta":{"_acf_changed":false},"class_list":["post-964","page","type-page","status-publish","hentry"],"acf":[],"_links":{"self":[{"href":"https:\/\/www.augustusmisano.it\/en\/wp-json\/wp\/v2\/pages\/964","targetHints":{"allow":["GET"]}}],"collection":[{"href":"https:\/\/www.augustusmisano.it\/en\/wp-json\/wp\/v2\/pages"}],"about":[{"href":"https:\/\/www.augustusmisano.it\/en\/wp-json\/wp\/v2\/types\/page"}],"author":[{"embeddable":true,"href":"https:\/\/www.augustusmisano.it\/en\/wp-json\/wp\/v2\/users\/4"}],"replies":[{"embeddable":true,"href":"https:\/\/www.augustusmisano.it\/en\/wp-json\/wp\/v2\/comments?post=964"}],"version-history":[{"count":0,"href":"https:\/\/www.augustusmisano.it\/en\/wp-json\/wp\/v2\/pages\/964\/revisions"}],"wp:attachment":[{"href":"https:\/\/www.augustusmisano.it\/en\/wp-json\/wp\/v2\/media?parent=964"}],"curies":[{"name":"wp","href":"https:\/\/api.w.org\/{rel}","templated":true}]}}