{"id":999,"date":"2016-08-01T14:55:13","date_gmt":"2016-08-01T12:55:13","guid":{"rendered":"https:\/\/www.augustusmisano.it\/hotel-fronte-mare-misano\/"},"modified":"2022-01-17T10:15:56","modified_gmt":"2022-01-17T09:15:56","slug":"hotel-direkt-am-meer-misano","status":"publish","type":"page","link":"https:\/\/www.augustusmisano.it\/de\/hotel-direkt-am-meer-misano\/","title":{"rendered":"IN EINEM HOTEL DIREKT AM MEER HAT DER URLAUB EINEN ANDEREN GESCHMACK"},"content":{"rendered":"<h2>Das Augustus Hotel ist die strategischste L\u00f6sung f\u00fcr Ihren Urlaub in Misano Adriatico, weil:<\/h2>\n<ul>\n<li style=\"list-style-type: none;\">\n<ul>\n<li><strong>direkt am Meer:<\/strong> Fenster \u00f6ffnen und Meeresbrise einatmen, den Strand bewundern, in zwei Sekunden sind Sie schon mit den F\u00fc\u00dfen im Wasser und Sie k\u00f6nnen mit der Entspannung beginnen &#8230; und wenn Sie etwas in Ihrem Zimmer vergessen haben, adieu lange Reisen unter der sengenden Sonne, Ihr Hotel in Misano Adriatico ist nur einen Katzensprung entfernt.<\/li>\n<li><strong>im zentralen Bereich:<\/strong> an der Grenze zu Riccione f\u00fcr diejenigen, die Glamour und Nachtleben lieben, aber abends in Ruhe in einem schallisolierten Raum voller Entspannung bleiben m\u00f6chten, und f\u00fcr diejenigen, die ein Dorf von menschlichem Ma\u00dfstab wie Misano Adriatico mit seinem suchen M\u00e4rkte, kleine Gesch\u00e4fte und ein Vergn\u00fcgungspark f\u00fcr die Kleinen.<\/li>\n<li><strong>f\u00fcr Ihre Sportveranstaltungen:<\/strong> Das Augustus Hotel ist ein Hotel in der N\u00e4he des Misano World Circuit und ist ideal f\u00fcr diejenigen, die die Motogp, das Wochenende der Lkw-Fahrer oder die Ducati World Week besuchen. Wenn Sie hingegen zum Eislaufen oder Schwimmen in die Romagna kommen, kommen Sie in unser Hotel in der N\u00e4he der Sporthalle von Misano und der Schwimmwettbewerbsfelder von Riccione.<br \/>\n<h3 style=\"text-align: center;\">&#8222;Nehmen Sie einfach Ihre Flip-Flops und Ihren Badeanzug mit und Sie sind in k\u00fcrzester Zeit am Strand!&#8220;<\/h3>\n<\/li>\n<\/ul>\n<\/li>\n<\/ul>\n<h2>Direkt vor dem Hotel finden Sie unsere 4 Partnerstr\u00e4nde, die Ihnen viele All-Inclusive-Services in der Romagna f\u00fcr Familien und Paare garantieren.<\/h2>\n<ul>\n<li style=\"list-style-type: none;\">\n<ul>\n<li>ob Sie mit Freunden oder zu zweit sind\u2026 Bagni Tilde und Virgilio n.1 Riccione: Das luftigste und entspannendste, geeignet f\u00fcr Paare und f\u00fcr diejenigen, die keine Verwirrung m\u00f6gen, ohne Felsen davor und mit anderthalb gro\u00dfen Einzelbetten f\u00fcr diejenigen, die totale Entspannung und Bequemlichkeit lieben, ein paar Schritte vom Hotel entfernt garantiert Ihnen Bequemlichkeit und Komfort &#8230; Entspannung zugleich!Virgilio ist der erste Strand in Riccione und ist Teil unserer angebotenen Pakete!<\/li>\n<li>Sie suchen Komfort? \u2026 Bagni Speranza Nr. 2 Misano: Kleiner als die anderen Str\u00e4nde, aber direkt vor dem Hotel &#8230; es ist der klassische Strand der Romagna mit einem Rettungsschwimmer, der bereit ist, Sie willkommen zu hei\u00dfen und Ihnen das Gef\u00fchl zu geben, zu Hause zu sein! Hier finden Sie den Kickertisch, die Kinderspielecke mit Karussell und Trampolin. Der Strand unserer Angebote\u2026 einfach und funktional!<\/li>\n<li>f\u00fcr alle\u2026 Bagni Cesare n.2 Riccione: Cesare, Nella und Oscar begr\u00fc\u00dfen Sie an ihrem Strand 2 in Riccione Cesare. An diesem Strand k\u00f6nnen Sie zwischen Sonnenschirmen oder sehr ger\u00e4umigen Zelten w\u00e4hlen, Ihre Entspannung wird durch die Sonnenliegen mit einem weichen Kissen garantiert und Sie k\u00f6nnen alle Arten von Spa\u00df finden, von Beachvolleyball, Beach-Tennis, Beach-Fu\u00dfball, Tischtennisplatte, Tretbootverleih zum Basketballkorb F\u00fcr die Kleinen bietet der Strand einen gro\u00dfen Spielplatz, wo sie sich in v\u00f6lliger Sicherheit auf dem riesigen Spielplatz, dem gr\u00f6\u00dften der Gegend, vergn\u00fcgen k\u00f6nnen.<\/li>\n<li>f\u00fcr Familien oder Paare, um das Angebot zu erweitern &#8230; Bagni Salvatore n. 1 Misano: ab diesem Jahr haben wir auch Vereinbarungen mit den Salvatore-B\u00e4dern, eine pr\u00e4chtige Einrichtung vor uns, die mit einem Mini-Fu\u00dfballfeld, gro\u00dfen Sonnenschirmen, Unterhaltung und vielem mehr ausgestattet ist.<\/li>\n<\/ul>\n<\/li>\n<\/ul>\n<h2 style=\"text-align: center;\">Mehr Auswahl am Strand &#8230; mehr Freiheit!<\/h2>\n<p>Hier bei Augustus bieten wir Pakete mit dem Strand in Misano an und garantieren Ihnen eine vollst\u00e4ndige Auswahl von 4 Rettungsschwimmern, weil wir an die Freiheit und Flexibilit\u00e4t unserer All-Inclusive-Pakete glauben! Wir binden Sie an keine der Alternativen, wenn Sie im Hotel ankommen, k\u00f6nnen Sie zum Strand gehen und den Sonnenschirm buchen, der Ihnen am besten gef\u00e4llt, um Ihren Urlaub zu 100% zu personalisieren<br \/>\n<a href=\"https:\/\/www.augustusmisano.it\/wp-content\/uploads\/2020\/02\/mappa-statica-1.jpg\"><img loading=\"lazy\" decoding=\"async\" class=\"alignnone wp-image-1257 size-full\" src=\"https:\/\/www.augustusmisano.it\/wp-content\/uploads\/2020\/02\/mappa-statica-1.jpg\" alt=\"\" width=\"2000\" height=\"555\" data-big-size=\"2000x555\" \/><\/a><\/p>\n","protected":false},"excerpt":{"rendered":"<p>Das Augustus Hotel ist die strategischste L\u00f6sung f\u00fcr Ihren Urlaub in Misano Adriatico, weil: direkt am Meer: Fenster \u00f6ffnen und Meeresbrise einatmen, den Strand bewundern, in zwei Sekunden sind Sie schon mit den F\u00fc\u00dfen im Wasser und Sie k\u00f6nnen mit der Entspannung beginnen &#8230; und wenn Sie etwas in Ihrem Zimmer vergessen haben, adieu lange Reisen unter der sengenden Sonne, Ihr Hotel in Misano Adriatico ist nur einen Katzensprung entfernt. &#8230;<\/p>\n","protected":false},"author":1,"featured_media":0,"parent":0,"menu_order":0,"comment_status":"closed","ping_status":"closed","template":"","meta":{"_acf_changed":false},"class_list":["post-999","page","type-page","status-publish","hentry"],"acf":[],"_links":{"self":[{"href":"https:\/\/www.augustusmisano.it\/de\/wp-json\/wp\/v2\/pages\/999","targetHints":{"allow":["GET"]}}],"collection":[{"href":"https:\/\/www.augustusmisano.it\/de\/wp-json\/wp\/v2\/pages"}],"about":[{"href":"https:\/\/www.augustusmisano.it\/de\/wp-json\/wp\/v2\/types\/page"}],"author":[{"embeddable":true,"href":"https:\/\/www.augustusmisano.it\/de\/wp-json\/wp\/v2\/users\/1"}],"replies":[{"embeddable":true,"href":"https:\/\/www.augustusmisano.it\/de\/wp-json\/wp\/v2\/comments?post=999"}],"version-history":[{"count":0,"href":"https:\/\/www.augustusmisano.it\/de\/wp-json\/wp\/v2\/pages\/999\/revisions"}],"wp:attachment":[{"href":"https:\/\/www.augustusmisano.it\/de\/wp-json\/wp\/v2\/media?parent=999"}],"curies":[{"name":"wp","href":"https:\/\/api.w.org\/{rel}","templated":true}]}}