{"id":990,"date":"2020-01-27T14:00:46","date_gmt":"2020-01-27T13:00:46","guid":{"rendered":"https:\/\/www.augustusmisano.it\/ristorante-misano\/"},"modified":"2024-11-19T09:48:49","modified_gmt":"2024-11-19T08:48:49","slug":"ihre-kueche-der-romagna-mit-meerblick","status":"publish","type":"page","link":"https:\/\/www.augustusmisano.it\/de\/das-fruehstueck\/ihre-kueche-der-romagna-mit-meerblick\/","title":{"rendered":"BETRETEN SIE DIE K\u00dcCHE DES HOTELS AUGUSTUS IN MISANO ADRIATICO"},"content":{"rendered":"<h2>Kochen ist hier in Misano Adriatico eine Art, Liebe zu zeigen<\/h2>\n<p>In der Romagna ist Kochen ein Kult, der Tisch ist das schlagende Herz unseres Lebens und wir lieben unsere gro\u00dfe Tradition, stundenlang So\u00dfen zu murmeln, immer hei\u00df zu grillen, um einen guten frischen Fisch in Gesellschaft zu essen, bis hin zur Piadina, die kocht auf dem gusseisernen Text\u2026. ab diesem Jahr m\u00f6chten wir noch mehr die Romagna ohne Einschr\u00e4nkungen auf den Tisch bringen, aber mit der Freiheit, jeden Tag Ihr Lieblingsgericht zu w\u00e4hlen.<\/p>\n<p>Lassen Sie sich von unserem Buffet erobern, wo Sie im Moment w\u00e4hlen k\u00f6nnen, ohne Eile, ohne am Vorabend gef\u00fcllte Men\u00fcs und mit super flexiblen \u00d6ffnungszeiten.<\/p>\n<p>Wir lieben die hausgemachten Rezepte unserer Gro\u00dfm\u00fctter und wir lieben die Neuheiten der internationalen Express-K\u00fcche. Das Wichtigste ist, dass alles zu Hause mit Liebe erledigt wird.<\/p>\n<p>&nbsp;<\/p>\n<h2>Die Zauberformel: mehr Freiheit f\u00fcr Emotionen mit unseren flexiblen Arbeitszeiten.<\/h2>\n<p>Mit unserer Formel gewinnen Sie mehr Zeit und Freiheit. Unser Buffetrestaurant in einem 3-Sterne-Hotel in Misano Adriatico mit einem Panoramasaal mit Meerblick ist morgens zum Fr\u00fchst\u00fcck, Mittag- und Abendessen ge\u00f6ffnet: Nehmen Sie sich Zeit, denn an einem guten Gericht wird es nie fehlen!<\/p>\n<p>Mittags k\u00f6nnen Sie auch am Buffet einkehren und das Mittagessen zum Mitnehmen mitnehmen, Ihre Sch\u00fcssel zusammenstellen und mit unseren K\u00f6stlichkeiten unter den Sonnenschirm gehen.<\/p>\n<p>Hast du Kinder? Sie werden froh sein zu wissen, dass es am Buffet immer eine Auswahl f\u00fcr sie gibt, so lecker und gesund, wie es unser Babymen\u00fc schon immer war.<\/p>\n<p>&nbsp;<\/p>\n<div id='gallery-1' class='gallery galleryid-990 gallery-columns-3 gallery-size-thumbnail'><figure class='gallery-item'>\n\t\t\t\t<div class='gallery-icon portrait'>\n\t\t\t\t\t<a href='https:\/\/www.augustusmisano.it\/wp-content\/uploads\/2023\/07\/SOCIAL_Hotel-Augustus-Misano-in3pida-4.jpg' data-size=\"1671x1920\"><img loading=\"lazy\" decoding=\"async\" width=\"300\" height=\"300\" src=\"https:\/\/www.augustusmisano.it\/wp-content\/uploads\/2023\/07\/SOCIAL_Hotel-Augustus-Misano-in3pida-4-300x300.jpg\" class=\"attachment-thumbnail size-thumbnail\" alt=\"\" \/><\/a>\n\t\t\t\t<\/div><\/figure><figure class='gallery-item'>\n\t\t\t\t<div class='gallery-icon landscape'>\n\t\t\t\t\t<a href='https:\/\/www.augustusmisano.it\/wp-content\/uploads\/2023\/07\/SOCIAL_Hotel-Augustus-Misano-in3pida-17.jpg' data-size=\"1920x1381\"><img loading=\"lazy\" decoding=\"async\" width=\"300\" height=\"300\" src=\"https:\/\/www.augustusmisano.it\/wp-content\/uploads\/2023\/07\/SOCIAL_Hotel-Augustus-Misano-in3pida-17-300x300.jpg\" class=\"attachment-thumbnail size-thumbnail\" alt=\"\" \/><\/a>\n\t\t\t\t<\/div><\/figure><figure class='gallery-item'>\n\t\t\t\t<div class='gallery-icon landscape'>\n\t\t\t\t\t<a href='https:\/\/www.augustusmisano.it\/wp-content\/uploads\/2023\/07\/SOCIAL_Hotel-Augustus-Misano-in3pida-53.jpg' data-size=\"1920x1277\"><img loading=\"lazy\" decoding=\"async\" width=\"300\" height=\"300\" src=\"https:\/\/www.augustusmisano.it\/wp-content\/uploads\/2023\/07\/SOCIAL_Hotel-Augustus-Misano-in3pida-53-300x300.jpg\" class=\"attachment-thumbnail size-thumbnail\" alt=\"\" \/><\/a>\n\t\t\t\t<\/div><\/figure><figure class='gallery-item'>\n\t\t\t\t<div class='gallery-icon landscape'>\n\t\t\t\t\t<a href='https:\/\/www.augustusmisano.it\/wp-content\/uploads\/2023\/07\/SOCIAL_Hotel-Augustus-Misano-in3pida-14.jpg' data-size=\"1920x1277\"><img loading=\"lazy\" decoding=\"async\" width=\"300\" height=\"300\" src=\"https:\/\/www.augustusmisano.it\/wp-content\/uploads\/2023\/07\/SOCIAL_Hotel-Augustus-Misano-in3pida-14-300x300.jpg\" class=\"attachment-thumbnail size-thumbnail\" alt=\"\" \/><\/a>\n\t\t\t\t<\/div><\/figure><figure class='gallery-item'>\n\t\t\t\t<div class='gallery-icon landscape'>\n\t\t\t\t\t<a href='https:\/\/www.augustusmisano.it\/wp-content\/uploads\/2023\/07\/SOCIAL_Hotel-Augustus-Misano-in3pida-24.jpg' data-size=\"1920x1277\"><img loading=\"lazy\" decoding=\"async\" width=\"300\" height=\"300\" src=\"https:\/\/www.augustusmisano.it\/wp-content\/uploads\/2023\/07\/SOCIAL_Hotel-Augustus-Misano-in3pida-24-300x300.jpg\" class=\"attachment-thumbnail size-thumbnail\" alt=\"\" \/><\/a>\n\t\t\t\t<\/div><\/figure><figure class='gallery-item'>\n\t\t\t\t<div class='gallery-icon landscape'>\n\t\t\t\t\t<a href='https:\/\/www.augustusmisano.it\/wp-content\/uploads\/2023\/07\/SOCIAL_Hotel-Augustus-Misano-in3pida-25-1.jpg' data-size=\"1920x1141\"><img loading=\"lazy\" decoding=\"async\" width=\"300\" height=\"300\" src=\"https:\/\/www.augustusmisano.it\/wp-content\/uploads\/2023\/07\/SOCIAL_Hotel-Augustus-Misano-in3pida-25-1-300x300.jpg\" class=\"attachment-thumbnail size-thumbnail\" alt=\"\" \/><\/a>\n\t\t\t\t<\/div><\/figure>\n\t\t\t<\/div>\n\n","protected":false},"excerpt":{"rendered":"<p>Kochen ist hier in Misano Adriatico eine Art, Liebe zu zeigen In der Romagna ist Kochen ein Kult, der Tisch ist das schlagende Herz unseres Lebens und wir lieben unsere gro\u00dfe Tradition, stundenlang So\u00dfen zu murmeln, immer hei\u00df zu grillen, um einen guten frischen Fisch in Gesellschaft zu essen, bis hin zur Piadina, die kocht auf dem gusseisernen Text\u2026. ab diesem Jahr m\u00f6chten wir noch mehr die Romagna ohne Einschr\u00e4nkungen &#8230;<\/p>\n","protected":false},"author":1,"featured_media":0,"parent":978,"menu_order":0,"comment_status":"closed","ping_status":"closed","template":"","meta":{"_acf_changed":false},"class_list":["post-990","page","type-page","status-publish","hentry"],"acf":[],"_links":{"self":[{"href":"https:\/\/www.augustusmisano.it\/de\/wp-json\/wp\/v2\/pages\/990","targetHints":{"allow":["GET"]}}],"collection":[{"href":"https:\/\/www.augustusmisano.it\/de\/wp-json\/wp\/v2\/pages"}],"about":[{"href":"https:\/\/www.augustusmisano.it\/de\/wp-json\/wp\/v2\/types\/page"}],"author":[{"embeddable":true,"href":"https:\/\/www.augustusmisano.it\/de\/wp-json\/wp\/v2\/users\/1"}],"replies":[{"embeddable":true,"href":"https:\/\/www.augustusmisano.it\/de\/wp-json\/wp\/v2\/comments?post=990"}],"version-history":[{"count":0,"href":"https:\/\/www.augustusmisano.it\/de\/wp-json\/wp\/v2\/pages\/990\/revisions"}],"up":[{"embeddable":true,"href":"https:\/\/www.augustusmisano.it\/de\/wp-json\/wp\/v2\/pages\/978"}],"wp:attachment":[{"href":"https:\/\/www.augustusmisano.it\/de\/wp-json\/wp\/v2\/media?parent=990"}],"curies":[{"name":"wp","href":"https:\/\/api.w.org\/{rel}","templated":true}]}}