{"id":987,"date":"2020-01-27T15:23:59","date_gmt":"2020-01-27T14:23:59","guid":{"rendered":"https:\/\/www.augustusmisano.it\/family-hotel-misano-sul-mare\/"},"modified":"2020-04-27T11:16:00","modified_gmt":"2020-04-27T09:16:00","slug":"familienhotel-am-meer-in-misano-fuer-sie-und-ihre-kinder","status":"publish","type":"page","link":"https:\/\/www.augustusmisano.it\/de\/familienhotel-am-meer-in-misano-fuer-sie-und-ihre-kinder\/","title":{"rendered":"FAMILIENHOTEL AM MEER IN MISANO F\u00dcR SIE UND IHRE KINDER"},"content":{"rendered":"<p>Wir sind Sandra und Giancarlo, und zusammen mit unseren T\u00f6chtern Annalisa und Francesca, hei\u00dfen wir Sie in Misano Adriatico herzlich Willkommen. Wir sind eine Familie und als solche wissen wir, <strong>was es hei\u00dft in einen f\u00fcr Kinder idealen Hotel zu wohnen<\/strong>. Misano ist mit seinem flache Wasser und den gut ausgestatteten Sandstr\u00e4nden das ideale Ziel f\u00fcr diejenigen, die hier angenehme Familienferien verbringen m\u00f6chten.<\/p>\n<h3>Das Hotel Augustus ist das 3-STerne-Hotel in Misano Adriatico f\u00fcr Familien<\/h3>\n<p>die hier zusammen mit ihren Kindern angenehme Badeferien verbringen m\u00f6chten. Das Hotel liegt direkt am Strand und in kurzer Entfernung vom Stadtzentrum und zum Vergn\u00fcgungspark, der mit Spielen und Karussellen f\u00fcr jedes Alter ausgestattet ist.<\/p>\n<h3>Im Zimmer:<\/h3>\n<ul>\n<li>Kinderbetten und Campingbett mit bunter und lustiger Bettw\u00e4sche<\/li>\n<li>Fallschutzgitter<\/li>\n<li>Babybadewanne (auf Anfrage)<\/li>\n<li>Flaschenw\u00e4rmer (auf Anfrage solange Verf\u00fcgbar)<\/li>\n<\/ul>\n<h3>Im Hotel:<\/h3>\n<ul>\n<li>Fahrr\u00e4der mit Kindersitz vorne oder hinten<\/li>\n<li>Einer kleine Kinderapotheke f\u00fcr unvorhergesehene Ereignisse<\/li>\n<li>Ein vertrauensw\u00fcrdiger Kinderarzt, der den M\u00fcttern zur Verf\u00fcgung steht (Anruf und Bezahlung)<\/li>\n<li>Informationen \u00fcber die wichtigsten Vergn\u00fcgungsparks der Riviera Romagnola und zu den Aktivit\u00e4ten im Hotel und am Strand<\/li>\n<li>Kleiner K\u00fchlschrank im Zimmer (auf Bezahlung) oder K\u00fchlschrank in der K\u00fcche oder in der Bar um besser Milch, Joghurt oder Kinderkost aufzubewahren<\/li>\n<\/ul>\n<h3>Im Restaurant:<\/h3>\n<ul>\n<li>Baby-Men\u00fc, welche von unserem Koch gekocht und nach den Ratschl\u00e4gen der besten<\/li>\n<li>Ern\u00e4hrungswissenschaftler mit immer frischen und erstklassigen Produkten f\u00fcr Kinder (von 6 Monaten bis 2 Jahren) zusammengestellt wurden, f\u00fcr Gerichte, die auf Kinder zugeritten sind. Wir bereiten mit Sorgfalt und frischen Zutaten zu: Gem\u00fcsebr\u00fche, passierte Gem\u00fcsesuppe, Fleischbr\u00fche, Nudeln in Br\u00fche, gekochter und gegrillter Fisch, zerkleinertes Kalbfleisch, ged\u00fcnstetes Gem\u00fcse, K\u00e4se, Quark, die gehen auf alle Bed\u00fcrfnisse der Kinder ein.<\/li>\n<li>Machen Sie sich keine Sorgen um den Tisch der Kleinen! Wir k\u00fcmmern uns um alles! Sie finden alle Arten von Hochst\u00fchlen, St\u00fchlen, bunte und lustige Tischsets, kleines Besteck, Untertassen und kleine Gl\u00e4ser f\u00fcr Kinder.<\/li>\n<li>F\u00fcr die M\u00fctter und ihre Kinder \u00f6ffnet unser Restaurant schon fr\u00fcher seine T\u00fcren, um den Kleinen die M\u00f6glichkeit zu geben, in Ruhe zu essen (12:30 und 19:00 Uhr)<\/li>\n<\/ul>\n<h3>Am Strand:<\/h3>\n<ul>\n<li>Das Hotel liegt direkt vor dem Strand von Misano Adriatico<\/li>\n<li>Miniclub in einem reservierten und eingez\u00e4unten Bereich mit Animation f\u00fcr Kinder, Turnieren, Mannschaftsspielen und Animation im Schwimmbad<\/li>\n<li>Tischtennis und Tischfu\u00dfball<\/li>\n<li>Beach Volley und Beach Tennis Platz und viele Spiele im Freien wie die Rutsche, die Schaukel, Plastikstrukturen, Schl\u00f6sser und Playmobil H\u00e4user<\/li>\n<li>Kabine f\u00fcr Kinder mit Wickeltisch, Baby WC und Waschbecken<\/li>\n<li>Gesellschaftsspiele stehen zur Verf\u00fcgung<\/li>\n<li>Die Mini-Club-Spiele, Mini-Turniere und der Baby-Dance halten die Kleineren auf Trab, w\u00e4hrend den \u00c4lteren verschiede Aktivit\u00e4ten vorbehalten sind, die vom morgendlichen Muskelaufwachen, Aerobic, Tanzschule und Wassergymnastik reichen!<\/li>\n<li>Mini Club: ein ma\u00dfgeschneidertes Programm f\u00fcr die Kleinen. Die Animateure k\u00fcmmern sich und die Kinder, indem sie sie in spielerische und freizeitliche Aktivit\u00e4ten einbinden: einf\u00fchrende Sportspiele, Mannschaftssportarten, Spiele mit Musik, auf dem Sand und im Wasser, T\u00e4nze, Choreographie und k\u00fcnstlerische Aktivit\u00e4ten. Der Miniclub wird IhrenKinder jeden Tag von Montag bis Samstag unterhalten!<\/li>\n<\/ul>\n<div id='gallery-1' class='gallery galleryid-987  gallery-size-medium'><div class='owl-carousel owl-carousel-multiple-carousel-style'\n\t\t\t\t\t\t\tdata-owl-navigation='false'\n\t\t\t\t\t\t\tdata-owl-slide-speed='300'\n\t\t\t\t\t\t\tdata-owl-autoplay='false'\n\t\t\t\t\t\t\tdata-owl-dots='true'\n\t\t\t\t\t\t\tdata-owl-dots-speed='300'\n\t\t\t\t\t\t\tdata-owl-items-xs='1'data-owl-items-sm='2'data-owl-items-md='3'data-owl-items-lg='3'data-owl-items-xl='3'\n\t\t\t\t\t\t><figure class='gallery-item'>\n\t\t\t\t<div class='gallery-icon landscape'>\n\t\t\t\t\t<a href='https:\/\/www.augustusmisano.it\/wp-content\/uploads\/2020\/01\/Gallery-Family-02-Hotel-Augustus-Misano.jpg' data-size=\"1000x800\"><img loading=\"lazy\" decoding=\"async\" width=\"640\" height=\"420\" src=\"https:\/\/www.augustusmisano.it\/wp-content\/uploads\/2020\/01\/Gallery-Family-02-Hotel-Augustus-Misano-640x420.jpg\" class=\"attachment-medium size-medium\" alt=\"\" \/><\/a>\n\t\t\t\t<\/div><\/figure><figure class='gallery-item'>\n\t\t\t\t<div class='gallery-icon landscape'>\n\t\t\t\t\t<a href='https:\/\/www.augustusmisano.it\/wp-content\/uploads\/2020\/01\/Gallery-Family-01-Hotel-Augustus-Misano.jpg' data-size=\"1000x800\"><img loading=\"lazy\" decoding=\"async\" width=\"640\" height=\"420\" src=\"https:\/\/www.augustusmisano.it\/wp-content\/uploads\/2020\/01\/Gallery-Family-01-Hotel-Augustus-Misano-640x420.jpg\" class=\"attachment-medium size-medium\" alt=\"\" \/><\/a>\n\t\t\t\t<\/div><\/figure><figure class='gallery-item'>\n\t\t\t\t<div class='gallery-icon landscape'>\n\t\t\t\t\t<a href='https:\/\/www.augustusmisano.it\/wp-content\/uploads\/2020\/01\/Gallery-Family-03-Hotel-Augustus-Misano.jpg' data-size=\"1000x800\"><img loading=\"lazy\" decoding=\"async\" width=\"640\" height=\"420\" src=\"https:\/\/www.augustusmisano.it\/wp-content\/uploads\/2020\/01\/Gallery-Family-03-Hotel-Augustus-Misano-640x420.jpg\" class=\"attachment-medium size-medium\" alt=\"\" \/><\/a>\n\t\t\t\t<\/div><\/figure>\n\t\t\t<\/div>\n<\/div>\n\n","protected":false},"excerpt":{"rendered":"<p>Wir sind Sandra und Giancarlo, und zusammen mit unseren T\u00f6chtern Annalisa und Francesca, hei\u00dfen wir Sie in Misano Adriatico herzlich Willkommen. Wir sind eine Familie und als solche wissen wir, was es hei\u00dft in einen f\u00fcr Kinder idealen Hotel zu wohnen. Misano ist mit seinem flache Wasser und den gut ausgestatteten Sandstr\u00e4nden das ideale Ziel f\u00fcr diejenigen, die hier angenehme Familienferien verbringen m\u00f6chten. Das Hotel Augustus ist das 3-STerne-Hotel in &#8230;<\/p>\n","protected":false},"author":1,"featured_media":0,"parent":0,"menu_order":0,"comment_status":"closed","ping_status":"closed","template":"","meta":{"_acf_changed":false},"class_list":["post-987","page","type-page","status-publish","hentry"],"acf":[],"_links":{"self":[{"href":"https:\/\/www.augustusmisano.it\/de\/wp-json\/wp\/v2\/pages\/987","targetHints":{"allow":["GET"]}}],"collection":[{"href":"https:\/\/www.augustusmisano.it\/de\/wp-json\/wp\/v2\/pages"}],"about":[{"href":"https:\/\/www.augustusmisano.it\/de\/wp-json\/wp\/v2\/types\/page"}],"author":[{"embeddable":true,"href":"https:\/\/www.augustusmisano.it\/de\/wp-json\/wp\/v2\/users\/1"}],"replies":[{"embeddable":true,"href":"https:\/\/www.augustusmisano.it\/de\/wp-json\/wp\/v2\/comments?post=987"}],"version-history":[{"count":0,"href":"https:\/\/www.augustusmisano.it\/de\/wp-json\/wp\/v2\/pages\/987\/revisions"}],"wp:attachment":[{"href":"https:\/\/www.augustusmisano.it\/de\/wp-json\/wp\/v2\/media?parent=987"}],"curies":[{"name":"wp","href":"https:\/\/api.w.org\/{rel}","templated":true}]}}