{"id":978,"date":"2020-02-20T12:14:33","date_gmt":"2020-02-20T11:14:33","guid":{"rendered":"https:\/\/www.augustusmisano.it\/la-colazione\/"},"modified":"2020-04-25T09:25:24","modified_gmt":"2020-04-25T07:25:24","slug":"das-fruehstueck","status":"publish","type":"page","link":"https:\/\/www.augustusmisano.it\/de\/das-fruehstueck\/","title":{"rendered":"DAS FR\u00dcHST\u00dcCK"},"content":{"rendered":"<p>Im Hotel Augusts in Misano Adriatico beginnen wir den Tag gro\u00dfartig und fordern alle auf, sich nicht in unserem Fr\u00fchst\u00fccksbuffet zu verlieren\u2026<\/p>\n<h2>F\u00fcr diejenigen, die S\u00fc\u00dfspeisen bevorzugen\u2026<\/h2>\n<ul>\n<li>Alle Backwaren, die t\u00e4glich von unserer Konditorin oder von den Besitzerinnen mit den Rezepten der Gro\u00dfm\u00fctter zubereitet erden: Donut aus der Romagna, Kuchen mit tausend Geschmacksrichtungen, mit \u00c4pfel, Zimt und N\u00fcssen, zweifarbige Kuchen, Schokoladentorten und vieles mehr!<\/li>\n<li>F\u00fcr einen internationalen Geschmack: Amerikanische Muffins, weiche Pfannkuchen mit Blaubeeren oder Ahornsirup<\/li>\n<li>Viele Brioches mit verschiedenen Geschmacksrichtungen, gef\u00fcllte Teilchen wie Berliner, Pan au chocolat und Kuchen\u2026<\/li>\n<li>begleitet mit frischer Milch mit dem leckeren Nesquik!<\/li>\n<li>Viele Marmeladen, Schokoladencreme und Backwaren mit Zwieback und Keksen<\/li>\n<\/ul>\n<h2>F\u00fcr die Liebhaber des salzigen Essen&#8230;<\/h2>\n<ul>\n<li>Viele Aufschnitte der Romagna, die jeden Tage wechseln<\/li>\n<li>W\u00fcrstchen und Eier f\u00fcr diejenigen, die es gerne internationaler m\u00f6gen<\/li>\n<li>Brot aller Art vom klassischen aus Wei\u00dfmehl bis zum Vollkornbrot, perfekt auch f\u00fcr diejenigen mit Laktoseintoleranz\u2026<\/li>\n<\/ul>\n<h2>F\u00fcr diejenigen die zuerst nach Gesundem suchen\u2026&#8230;<\/h2>\n<ul>\n<li>Verschiedene Sorten aus Tee und hei\u00dfe Getr\u00e4nke wecken Sie zusammen mit Gersten- oder Bohnenkaffee wie Inder Bar\u2026 und warum nicht ein Schokoladengetr\u00e4nk oder einen warmen Tee genie\u00dfen?<\/li>\n<li>Frische Milch und Sojamilch kombiniert mit unseren Fruchts\u00e4ften<\/li>\n<li>Frisches Obst<\/li>\n<li>M\u00fcsli und Cerealien verschiedener Sorten<\/li>\n<li>Bio Zwieback<\/li>\n<\/ul>\n<h2 style=\"text-align: center;\">M\u00f6chten Sie etwas l\u00e4nger schlafen? Bitten Sie um Ihr Fr\u00fchst\u00fcck in der Hotelbar!<\/h2>\n<div id='gallery-1' class='gallery galleryid-978 gallery-columns-3 gallery-size-large'><figure class='gallery-item'>\n\t\t\t\t<div class='gallery-icon landscape'>\n\t\t\t\t\t<a href='https:\/\/www.augustusmisano.it\/wp-content\/uploads\/2020\/02\/647C45DC-C391-460B-9246-91A8878CAC99.jpg' data-size=\"1440x1440\"><img loading=\"lazy\" decoding=\"async\" width=\"1440\" height=\"1060\" src=\"https:\/\/www.augustusmisano.it\/wp-content\/uploads\/2020\/02\/647C45DC-C391-460B-9246-91A8878CAC99-1440x1060.jpg\" class=\"attachment-large size-large\" alt=\"\" \/><\/a>\n\t\t\t\t<\/div><\/figure><figure class='gallery-item'>\n\t\t\t\t<div class='gallery-icon landscape'>\n\t\t\t\t\t<a href='https:\/\/www.augustusmisano.it\/wp-content\/uploads\/2020\/02\/510FAE17-9F0D-4913-B2E1-297572023630.jpg' data-size=\"1440x1440\"><img loading=\"lazy\" decoding=\"async\" width=\"1440\" height=\"1060\" src=\"https:\/\/www.augustusmisano.it\/wp-content\/uploads\/2020\/02\/510FAE17-9F0D-4913-B2E1-297572023630-1440x1060.jpg\" class=\"attachment-large size-large\" alt=\"\" \/><\/a>\n\t\t\t\t<\/div><\/figure><figure class='gallery-item'>\n\t\t\t\t<div class='gallery-icon landscape'>\n\t\t\t\t\t<a href='https:\/\/www.augustusmisano.it\/wp-content\/uploads\/2020\/02\/FC19B517-EA10-49CF-AE16-A1237883A281.jpg' data-size=\"1440x1439\"><img loading=\"lazy\" decoding=\"async\" width=\"1440\" height=\"1060\" src=\"https:\/\/www.augustusmisano.it\/wp-content\/uploads\/2020\/02\/FC19B517-EA10-49CF-AE16-A1237883A281-1440x1060.jpg\" class=\"attachment-large size-large\" alt=\"\" \/><\/a>\n\t\t\t\t<\/div><\/figure>\n\t\t\t<\/div>\n\n","protected":false},"excerpt":{"rendered":"<p>Im Hotel Augusts in Misano Adriatico beginnen wir den Tag gro\u00dfartig und fordern alle auf, sich nicht in unserem Fr\u00fchst\u00fccksbuffet zu verlieren\u2026 F\u00fcr diejenigen, die S\u00fc\u00dfspeisen bevorzugen\u2026 Alle Backwaren, die t\u00e4glich von unserer Konditorin oder von den Besitzerinnen mit den Rezepten der Gro\u00dfm\u00fctter zubereitet erden: Donut aus der Romagna, Kuchen mit tausend Geschmacksrichtungen, mit \u00c4pfel, Zimt und N\u00fcssen, zweifarbige Kuchen, Schokoladentorten und vieles mehr! F\u00fcr einen internationalen Geschmack: Amerikanische Muffins, &#8230;<\/p>\n","protected":false},"author":4,"featured_media":0,"parent":0,"menu_order":0,"comment_status":"closed","ping_status":"closed","template":"","meta":{"_acf_changed":false},"class_list":["post-978","page","type-page","status-publish","hentry"],"acf":[],"_links":{"self":[{"href":"https:\/\/www.augustusmisano.it\/de\/wp-json\/wp\/v2\/pages\/978","targetHints":{"allow":["GET"]}}],"collection":[{"href":"https:\/\/www.augustusmisano.it\/de\/wp-json\/wp\/v2\/pages"}],"about":[{"href":"https:\/\/www.augustusmisano.it\/de\/wp-json\/wp\/v2\/types\/page"}],"author":[{"embeddable":true,"href":"https:\/\/www.augustusmisano.it\/de\/wp-json\/wp\/v2\/users\/4"}],"replies":[{"embeddable":true,"href":"https:\/\/www.augustusmisano.it\/de\/wp-json\/wp\/v2\/comments?post=978"}],"version-history":[{"count":0,"href":"https:\/\/www.augustusmisano.it\/de\/wp-json\/wp\/v2\/pages\/978\/revisions"}],"wp:attachment":[{"href":"https:\/\/www.augustusmisano.it\/de\/wp-json\/wp\/v2\/media?parent=978"}],"curies":[{"name":"wp","href":"https:\/\/api.w.org\/{rel}","templated":true}]}}