{"id":975,"date":"2020-02-22T09:04:07","date_gmt":"2020-02-22T08:04:07","guid":{"rendered":"https:\/\/www.augustusmisano.it\/il-pranzo-e-la-cena\/"},"modified":"2020-04-25T09:53:37","modified_gmt":"2020-04-25T07:53:37","slug":"das-mittag-und-das-abendessen","status":"publish","type":"page","link":"https:\/\/www.augustusmisano.it\/de\/das-fruehstueck\/ihre-kueche-der-romagna-mit-meerblick\/das-mittag-und-das-abendessen\/","title":{"rendered":"DAS MITTAG- UND DAS ABENDESSEN"},"content":{"rendered":"<p>Man sagt Romagna und denkt an richtige Essen? An die Tradition, Omas Fischsauce und an die Piadina!<\/p>\n<p>Im Hotel Augustus finden sie dieses und viel mehr! Unser Restaurant bietet 3 verschiedene Men\u00fcs an,<\/p>\n<p>Jeden Tag finden Sie Fisch der Adria, das Fleisch unseren nahliegenden Lieferanten, Sie k\u00f6nnen das Men\u00fc w\u00e4hlen, das Ihnen am besten gef\u00e4llt und es begleiten mit<\/p>\n<p><strong>einem reichhaltigen Buffet<\/strong> mit rohem, gekochtem und gegrilltem Gem\u00fcse, unseren Vorspeisen und Salaten in tausend Geschmacksrichtungen oder frisch gebackenen <strong>Pizzas und Focaccia.<\/strong><\/p>\n<p>Nach den von unseren Gro\u00dfm\u00fcttern vererbten Rezepten sind alle frischen und gef\u00fcllten Nudeln hausgemacht, um ein einzigartiges und geschmackvolles Erlebnis zu bieten\u2026<\/p>\n<p>k\u00f6stlich mit Gnocchi, frisch gemachten Tagliatelle, gef\u00fcllter Lasagne, Tagliolini mit Meeresfr\u00fcchten und vielem mehr\u2026<\/p>\n<p>Alles begleitet mit den besten Weine aus unserer Weinkarte, f\u00fcr Sie ausgesucht, und f\u00fcr diejenigen die es lieben, sich am Tisch mit Ihrer Liebsten oder Ihrer Familie zu entspannen, gut zu essen und gut zu trinken.<\/p>\n<p><strong>F\u00fcr die Kinder:<\/strong><\/p>\n<p>Machen Sie sich keine Sorgen! Hier haben wir an ein spezielles Men\u00fc gedacht, das Ihren Kindern gewidmet ist, mit k\u00f6stlichen, delikaten Gerichten, ideal f\u00fcr ihr Wachstum. F\u00fcr j\u00fcngere Kinder haben Sie au\u00dferdem die M\u00f6glichkeit Suppen, passierte Suppen, Fisch und Fleisch in der Gr\u00f6\u00dfe Ihrer Kleinen zu bestellen.<\/p>\n<p>&nbsp;<\/p>\n<div id='gallery-1' class='gallery galleryid-975  gallery-size-medium'><div class='owl-carousel owl-carousel-multiple-carousel-style'\n\t\t\t\t\t\t\tdata-owl-navigation='true'\n\t\t\t\t\t\t\tdata-owl-slide-speed='300'\n\t\t\t\t\t\t\tdata-owl-autoplay='false'\n\t\t\t\t\t\t\tdata-owl-dots='false'\n\t\t\t\t\t\t\tdata-owl-dots-speed='300'\n\t\t\t\t\t\t\tdata-owl-items-xs='1'data-owl-items-sm='2'data-owl-items-md='3'data-owl-items-lg='3'data-owl-items-xl='3'\n\t\t\t\t\t\t><figure class='gallery-item'>\n\t\t\t\t<div class='gallery-icon portrait'>\n\t\t\t\t\t<a href='https:\/\/www.augustusmisano.it\/wp-content\/uploads\/2020\/02\/49B04E30-F185-42D6-B74F-66F21D942561.jpg' data-size=\"1512x1564\"><img loading=\"lazy\" decoding=\"async\" width=\"640\" height=\"420\" src=\"https:\/\/www.augustusmisano.it\/wp-content\/uploads\/2020\/02\/49B04E30-F185-42D6-B74F-66F21D942561-640x420.jpg\" class=\"attachment-medium size-medium\" alt=\"\" \/><\/a>\n\t\t\t\t<\/div><\/figure><figure class='gallery-item'>\n\t\t\t\t<div class='gallery-icon portrait'>\n\t\t\t\t\t<a href='https:\/\/www.augustusmisano.it\/wp-content\/uploads\/2020\/02\/F5024698-D796-484E-BBCD-DC2D93D9CA2B.jpg' data-size=\"2551x2560\"><img loading=\"lazy\" decoding=\"async\" width=\"640\" height=\"420\" src=\"https:\/\/www.augustusmisano.it\/wp-content\/uploads\/2020\/02\/F5024698-D796-484E-BBCD-DC2D93D9CA2B-640x420.jpg\" class=\"attachment-medium size-medium\" alt=\"\" \/><\/a>\n\t\t\t\t<\/div><\/figure><figure class='gallery-item'>\n\t\t\t\t<div class='gallery-icon landscape'>\n\t\t\t\t\t<a href='https:\/\/www.augustusmisano.it\/wp-content\/uploads\/2020\/01\/Gallery-Cucina-04-Hotel-Augustus-Misano.jpg' data-size=\"1000x800\"><img loading=\"lazy\" decoding=\"async\" width=\"640\" height=\"420\" src=\"https:\/\/www.augustusmisano.it\/wp-content\/uploads\/2020\/01\/Gallery-Cucina-04-Hotel-Augustus-Misano-640x420.jpg\" class=\"attachment-medium size-medium\" alt=\"\" \/><\/a>\n\t\t\t\t<\/div><\/figure>\n\t\t\t<\/div>\n<\/div>\n\n","protected":false},"excerpt":{"rendered":"<p>Man sagt Romagna und denkt an richtige Essen? An die Tradition, Omas Fischsauce und an die Piadina! Im Hotel Augustus finden sie dieses und viel mehr! Unser Restaurant bietet 3 verschiedene Men\u00fcs an, Jeden Tag finden Sie Fisch der Adria, das Fleisch unseren nahliegenden Lieferanten, Sie k\u00f6nnen das Men\u00fc w\u00e4hlen, das Ihnen am besten gef\u00e4llt und es begleiten mit einem reichhaltigen Buffet mit rohem, gekochtem und gegrilltem Gem\u00fcse, unseren Vorspeisen &#8230;<\/p>\n","protected":false},"author":4,"featured_media":0,"parent":990,"menu_order":0,"comment_status":"closed","ping_status":"closed","template":"","meta":{"_acf_changed":false},"class_list":["post-975","page","type-page","status-publish","hentry"],"acf":[],"_links":{"self":[{"href":"https:\/\/www.augustusmisano.it\/de\/wp-json\/wp\/v2\/pages\/975","targetHints":{"allow":["GET"]}}],"collection":[{"href":"https:\/\/www.augustusmisano.it\/de\/wp-json\/wp\/v2\/pages"}],"about":[{"href":"https:\/\/www.augustusmisano.it\/de\/wp-json\/wp\/v2\/types\/page"}],"author":[{"embeddable":true,"href":"https:\/\/www.augustusmisano.it\/de\/wp-json\/wp\/v2\/users\/4"}],"replies":[{"embeddable":true,"href":"https:\/\/www.augustusmisano.it\/de\/wp-json\/wp\/v2\/comments?post=975"}],"version-history":[{"count":0,"href":"https:\/\/www.augustusmisano.it\/de\/wp-json\/wp\/v2\/pages\/975\/revisions"}],"up":[{"embeddable":true,"href":"https:\/\/www.augustusmisano.it\/de\/wp-json\/wp\/v2\/pages\/990"}],"wp:attachment":[{"href":"https:\/\/www.augustusmisano.it\/de\/wp-json\/wp\/v2\/media?parent=975"}],"curies":[{"name":"wp","href":"https:\/\/api.w.org\/{rel}","templated":true}]}}