{"id":972,"date":"2020-02-24T17:09:43","date_gmt":"2020-02-24T16:09:43","guid":{"rendered":"https:\/\/www.augustusmisano.it\/misano-world-circuit-2\/"},"modified":"2020-04-27T11:52:22","modified_gmt":"2020-04-27T09:52:22","slug":"misano-world-circuit-2","status":"publish","type":"page","link":"https:\/\/www.augustusmisano.it\/de\/misano-world-circuit-2\/","title":{"rendered":"MISANO WORLD CIRCUIT (MISANO WELT RENNSTRECKE)"},"content":{"rendered":"<h2>Suchen Sie ein Hotel in der n\u00e4he der Rennstrecke von Misano? Sie haben es gefunden!<\/h2>\n<p>Abgesehen davon, dass das Augustus Hotel direkt vor der K\u00fcste von Misano Adriatico und der Grenze zu Riccione liegt, ist es auch nur 1 km von der Rennstrecke von Misano Adriatico entfernt und ist dadurch <strong>das perfekte Hotel f\u00fcr Auto- Motorradrennen und f\u00fcr alle Enthusiasten, die t\u00e4glich auf der Rennstrecke von Misano fahren.<\/strong><\/p>\n<p>Suchen Sie eins unser Pakete aus:<\/p>\n<h2>Personalisierte Pakete f\u00fcr den Misano World Cirdiut und alle Eintrittskarten f\u00fcr alle Rennen mit 40% Rabatt!<\/h2>\n<ul>\n<li>L\u00f6sung mit \u00dcbernachtung und Fr\u00fchst\u00fcck, Halbpension oder Vollpension<\/li>\n<li>M\u00f6glichkeit f\u00fcr Lunchpaket f\u00fcr diejenigen, die die Rennstrecke den ganzen Tag lang genie\u00dfen wollen<\/li>\n<li>Bewachter Parkplatz 100 m vom Hotel entfernt f\u00fcr Autos auch mit Anh\u00e4nger<\/li>\n<li>Reichhaltiges kontinentales Fr\u00fchst\u00fccksbuffet um Sie auf Schwung zu bringen f\u00fcr den ganzen Tag mit hausgebackenem Kuchen, Salziger Ecke mit Wurst, K\u00e4se usw., Gesunde Ecke mit M\u00fcsli usw. und vieles mehr\u2026.<\/li>\n<li>Mittag- und Abendessen mit Fleisch- und Fischmen\u00fcs jeden Tag und ein reichhaltiges Gem\u00fcsebuffet aus rohen, gekochtem und gegrilltem Gem\u00fcse<\/li>\n<li>kostenfreies WIFI im ganzen Haus<\/li>\n<li>Autonome Klimaanlage<\/li>\n<\/ul>\n<h3>Spezielles Angebot und Pakete f\u00fcr Gruppen und Teams ab 15 Personen!<\/h3>\n<p>Das Hotel Augustus ist Ihr 3 Sterne Hotel in Misano in der N\u00e4he der Rennstrecke Santamonica Circuit, fragen Sie nach einem vollst\u00e4ndigen Angebot f\u00fcr Gro\u00dfveranstaltungen wie Motogp, Superbike, Speed-Meisterschaft, Trucker-Wochenende f\u00fcllen Sie das untenstehende Formular aus:<\/p>\n","protected":false},"excerpt":{"rendered":"<p>Suchen Sie ein Hotel in der n\u00e4he der Rennstrecke von Misano? Sie haben es gefunden! Abgesehen davon, dass das Augustus Hotel direkt vor der K\u00fcste von Misano Adriatico und der Grenze zu Riccione liegt, ist es auch nur 1 km von der Rennstrecke von Misano Adriatico entfernt und ist dadurch das perfekte Hotel f\u00fcr Auto- Motorradrennen und f\u00fcr alle Enthusiasten, die t\u00e4glich auf der Rennstrecke von Misano fahren. Suchen Sie &#8230;<\/p>\n","protected":false},"author":4,"featured_media":0,"parent":0,"menu_order":0,"comment_status":"closed","ping_status":"closed","template":"","meta":{"_acf_changed":false},"class_list":["post-972","page","type-page","status-publish","hentry"],"acf":[],"_links":{"self":[{"href":"https:\/\/www.augustusmisano.it\/de\/wp-json\/wp\/v2\/pages\/972","targetHints":{"allow":["GET"]}}],"collection":[{"href":"https:\/\/www.augustusmisano.it\/de\/wp-json\/wp\/v2\/pages"}],"about":[{"href":"https:\/\/www.augustusmisano.it\/de\/wp-json\/wp\/v2\/types\/page"}],"author":[{"embeddable":true,"href":"https:\/\/www.augustusmisano.it\/de\/wp-json\/wp\/v2\/users\/4"}],"replies":[{"embeddable":true,"href":"https:\/\/www.augustusmisano.it\/de\/wp-json\/wp\/v2\/comments?post=972"}],"version-history":[{"count":0,"href":"https:\/\/www.augustusmisano.it\/de\/wp-json\/wp\/v2\/pages\/972\/revisions"}],"wp:attachment":[{"href":"https:\/\/www.augustusmisano.it\/de\/wp-json\/wp\/v2\/media?parent=972"}],"curies":[{"name":"wp","href":"https:\/\/api.w.org\/{rel}","templated":true}]}}