{"id":968,"date":"2020-02-22T09:37:40","date_gmt":"2020-02-22T08:37:40","guid":{"rendered":"https:\/\/www.augustusmisano.it\/il-pranzo-in-spiaggia-a-misano\/"},"modified":"2020-04-27T11:22:02","modified_gmt":"2020-04-27T09:22:02","slug":"das-mittagessen-am-strand-von-misano","status":"publish","type":"page","link":"https:\/\/www.augustusmisano.it\/de\/das-mittagessen-am-strand-von-misano\/","title":{"rendered":"DAS MITTAGESSEN AM STRAND VON MISANO"},"content":{"rendered":"<p><strong>Wenn man in die Romagna kommt, ist das Dilemma immer das selbe<\/strong>\u2026. In den sch\u00f6nsten Stunden vom Tag am Strand zu bleiben oder das Mittagessen zu genie\u00dfen?<\/p>\n<p>Diese geschmackvolle Dilemma l\u00f6sen wir f\u00fcr Sie! Hier im Hotel Augustus von Misano k\u00f6nnen Sie den ganzen Tag das Meer genie\u00dfen und unter dem Sonnenschirm auf Ihr Mittagessen warten\u2026 wir bringen es Ihnen!<\/p>\n<h2>Einer unserer gro\u00dfen Vorteile??\u2026 Das Hotel Augustus liegt direkt am Meer von Misano!<\/h2>\n<p>Im Handumdrehen haben Sie Ihren Salat Fantasia, die kalten Nudelspeisen oder die Reissalate zusammen mit einem s\u00fc\u00dfen Nachtisch. Alles von unserer K\u00fcche garantiert und verpackt in Take away-Beh\u00e4ltern!<\/p>\n<p>K\u00f6nnen Sie sich etwas Sch\u00f6neres und K\u00f6stlicheres vorstellen?<\/p>\n<p>&nbsp;<\/p>\n<p>*Dieser Service ist in der Halb-und Vollpension kostenlos inbegriffen, und im Falle wenn das Wasser w\u00e4hrend den Mahlzeiten inbegriffen ist, wird es ohne zus\u00e4tzliche Kosten in das Take-away Paket inbegriffen.<\/p>\n<p>&nbsp;<\/p>\n","protected":false},"excerpt":{"rendered":"<p>Wenn man in die Romagna kommt, ist das Dilemma immer das selbe\u2026. In den sch\u00f6nsten Stunden vom Tag am Strand zu bleiben oder das Mittagessen zu genie\u00dfen? Diese geschmackvolle Dilemma l\u00f6sen wir f\u00fcr Sie! Hier im Hotel Augustus von Misano k\u00f6nnen Sie den ganzen Tag das Meer genie\u00dfen und unter dem Sonnenschirm auf Ihr Mittagessen warten\u2026 wir bringen es Ihnen! Einer unserer gro\u00dfen Vorteile??\u2026 Das Hotel Augustus liegt direkt am &#8230;<\/p>\n","protected":false},"author":4,"featured_media":0,"parent":0,"menu_order":0,"comment_status":"closed","ping_status":"closed","template":"","meta":{"_acf_changed":false},"class_list":["post-968","page","type-page","status-publish","hentry"],"acf":[],"_links":{"self":[{"href":"https:\/\/www.augustusmisano.it\/de\/wp-json\/wp\/v2\/pages\/968","targetHints":{"allow":["GET"]}}],"collection":[{"href":"https:\/\/www.augustusmisano.it\/de\/wp-json\/wp\/v2\/pages"}],"about":[{"href":"https:\/\/www.augustusmisano.it\/de\/wp-json\/wp\/v2\/types\/page"}],"author":[{"embeddable":true,"href":"https:\/\/www.augustusmisano.it\/de\/wp-json\/wp\/v2\/users\/4"}],"replies":[{"embeddable":true,"href":"https:\/\/www.augustusmisano.it\/de\/wp-json\/wp\/v2\/comments?post=968"}],"version-history":[{"count":0,"href":"https:\/\/www.augustusmisano.it\/de\/wp-json\/wp\/v2\/pages\/968\/revisions"}],"wp:attachment":[{"href":"https:\/\/www.augustusmisano.it\/de\/wp-json\/wp\/v2\/media?parent=968"}],"curies":[{"name":"wp","href":"https:\/\/api.w.org\/{rel}","templated":true}]}}