{"id":602,"date":"2020-01-28T15:07:43","date_gmt":"2020-01-28T14:07:43","guid":{"rendered":"https:\/\/www.augustusmisano.it\/richiesta-informazioni\/"},"modified":"2020-01-30T17:40:15","modified_gmt":"2020-01-30T16:40:15","slug":"informationen-anfordern","status":"publish","type":"page","link":"https:\/\/www.augustusmisano.it\/de\/informationen-anfordern\/","title":{"rendered":"Informationen anfordern"},"content":{"rendered":"<p>F\u00fcr Fragen oder Informationen wenden Sie sich bitte z\u00f6gern Sie nicht, uns zu kontaktieren, f\u00fcllen Sie bitte das folgende Formular aus und unser Personal so schnell wie m\u00f6glich zu reagieren. Allerdings k\u00f6nnen Sie uns unter +39 0541 610626 anrufen, werden wir uns freuen, Ihnen zu helfen.<\/p>\n","protected":false},"excerpt":{"rendered":"<p>F\u00fcr Fragen oder Informationen wenden Sie sich bitte z\u00f6gern Sie nicht, uns zu kontaktieren, f\u00fcllen Sie bitte das folgende Formular aus und unser Personal so schnell wie m\u00f6glich zu reagieren. Allerdings k\u00f6nnen Sie uns unter +39 0541 610626 anrufen, werden wir uns freuen, Ihnen zu helfen.<\/p>\n","protected":false},"author":1,"featured_media":0,"parent":0,"menu_order":0,"comment_status":"closed","ping_status":"closed","template":"template\/template.richiesta-informazioni.php","meta":{"_acf_changed":false},"class_list":["post-602","page","type-page","status-publish","hentry"],"acf":[],"_links":{"self":[{"href":"https:\/\/www.augustusmisano.it\/de\/wp-json\/wp\/v2\/pages\/602","targetHints":{"allow":["GET"]}}],"collection":[{"href":"https:\/\/www.augustusmisano.it\/de\/wp-json\/wp\/v2\/pages"}],"about":[{"href":"https:\/\/www.augustusmisano.it\/de\/wp-json\/wp\/v2\/types\/page"}],"author":[{"embeddable":true,"href":"https:\/\/www.augustusmisano.it\/de\/wp-json\/wp\/v2\/users\/1"}],"replies":[{"embeddable":true,"href":"https:\/\/www.augustusmisano.it\/de\/wp-json\/wp\/v2\/comments?post=602"}],"version-history":[{"count":0,"href":"https:\/\/www.augustusmisano.it\/de\/wp-json\/wp\/v2\/pages\/602\/revisions"}],"wp:attachment":[{"href":"https:\/\/www.augustusmisano.it\/de\/wp-json\/wp\/v2\/media?parent=602"}],"curies":[{"name":"wp","href":"https:\/\/api.w.org\/{rel}","templated":true}]}}