{"id":590,"date":"2016-12-23T11:10:32","date_gmt":"2016-12-23T10:10:32","guid":{"rendered":"https:\/\/www.augustusmisano.it\/offerte-hotel-misano-3-stelle-sul-mare\/"},"modified":"2020-12-06T09:53:53","modified_gmt":"2020-12-06T08:53:53","slug":"angebote-rimini-ferien-am-meer-adriakuste-reisen-mit-kindern-adria-hotel","status":"publish","type":"page","link":"https:\/\/www.augustusmisano.it\/de\/angebote-rimini-ferien-am-meer-adriakuste-reisen-mit-kindern-adria-hotel\/","title":{"rendered":"Angebote Rimini Ferien Am Meer Adriakuste Reisen Mit Kindern Adria Hotel"},"content":{"rendered":"<p>Was auch immer der Grund f\u00fcr Ihren Urlaub in Misano ist, hier finden Sie die richtigen Angebote f\u00fcr Sie! Unser Strandhotel bietet Ihnen immer interessante und bequeme All-Inclusive-Pakete, Last-Minute-Pakete, Pakete f\u00fcr die Misano World Circuit-Veranstaltungen und vieles mehr!<\/p>\n<h2>Packen Sie Ihre Koffer und finden Sie Ihr ideales Angebot f\u00fcr einen Hotelaufenthalt in Misano Adriatico!<\/h2>\n","protected":false},"excerpt":{"rendered":"<p>Was auch immer der Grund f\u00fcr Ihren Urlaub in Misano ist, hier finden Sie die richtigen Angebote f\u00fcr Sie! Unser Strandhotel bietet Ihnen immer interessante und bequeme All-Inclusive-Pakete, Last-Minute-Pakete, Pakete f\u00fcr die Misano World Circuit-Veranstaltungen und vieles mehr! Packen Sie Ihre Koffer und finden Sie Ihr ideales Angebot f\u00fcr einen Hotelaufenthalt in Misano Adriatico!<\/p>\n","protected":false},"author":1,"featured_media":0,"parent":0,"menu_order":0,"comment_status":"closed","ping_status":"closed","template":"template\/template.offerte.php","meta":{"_acf_changed":false},"class_list":["post-590","page","type-page","status-publish","hentry"],"acf":[],"_links":{"self":[{"href":"https:\/\/www.augustusmisano.it\/de\/wp-json\/wp\/v2\/pages\/590","targetHints":{"allow":["GET"]}}],"collection":[{"href":"https:\/\/www.augustusmisano.it\/de\/wp-json\/wp\/v2\/pages"}],"about":[{"href":"https:\/\/www.augustusmisano.it\/de\/wp-json\/wp\/v2\/types\/page"}],"author":[{"embeddable":true,"href":"https:\/\/www.augustusmisano.it\/de\/wp-json\/wp\/v2\/users\/1"}],"replies":[{"embeddable":true,"href":"https:\/\/www.augustusmisano.it\/de\/wp-json\/wp\/v2\/comments?post=590"}],"version-history":[{"count":0,"href":"https:\/\/www.augustusmisano.it\/de\/wp-json\/wp\/v2\/pages\/590\/revisions"}],"wp:attachment":[{"href":"https:\/\/www.augustusmisano.it\/de\/wp-json\/wp\/v2\/media?parent=590"}],"curies":[{"name":"wp","href":"https:\/\/api.w.org\/{rel}","templated":true}]}}