{"id":1001,"date":"2016-07-29T12:11:55","date_gmt":"2016-07-29T10:11:55","guid":{"rendered":"https:\/\/www.augustusmisano.it\/pagina-di-esempio\/"},"modified":"2023-12-20T15:15:19","modified_gmt":"2023-12-20T14:15:19","slug":"pagina-di-esempio","status":"publish","type":"page","link":"https:\/\/www.augustusmisano.it\/de\/","title":{"rendered":"Dein 3 Sterne Hotel <br>am Meer in Misano Adriatico"},"content":{"rendered":"<p>In Misano Adriatico gibt es viele Hotels und dann gibt es noch das Hotel Augustus, die richtige Mischung f\u00fcr Ihren Urlaub in der Romagna.<\/p>\n<p><strong>Hier finden Sie unsere Familie, die dieses 3-Sterne-Hotel seit 1953 f\u00fchrt,<\/strong> und wir freuen uns, Sie in Misano Brasile am Meer und nur einen Steinwurf vom Zentrum entfernt begr\u00fc\u00dfen zu d\u00fcrfen.<\/p>\n<p><strong>Machen Sie einen schnellen Check-in auch von Ihrem Auto oder Zug aus ohne Warteschlange,<\/strong> Sie kommen im Hotel an und haben im Handumdrehen Ihre F\u00fc\u00dfe am Strand von Misano oder Riccione &#8230; wir garantieren es &#8230; Sie werden sich sofort besser f\u00fchlen !<\/p>\n<p>W\u00e4hlen Sie das Zimmer, das zu Ihnen, Ihrem Schatz oder Ihrer Familie passt, mit einzigartigem Panoramablick auf die Adria und mit perfektem Schallschutz f\u00fcr gute Tr\u00e4ume oder mit Balkon ohne Meerblick, aber dennoch neu und modern gestaltet, zu einzigartigen Preisen und im Angebot in Misano Adriatico .<\/p>\n<p><strong>Wenn Sie hungrig sind, k\u00f6nnen Sie unser Buffet-Restaurant mit Meerblick<\/strong> direkt nur einen Steinwurf vom Strand entfernt ohne lange Anfahrten besuchen, mit Romagna jeden Tag auf dem Tisch.<\/p>\n<p>W\u00e4hlen Sie die klassische Vollpension oder entscheiden Sie sich f\u00fcr die Entspannung der Halbpension oder \u00dcbernachtung mit Fr\u00fchst\u00fcck und genie\u00dfen Sie die Romagna in vollen Z\u00fcgen f\u00fcr Bars, Aperitifs und Shopping oder f\u00fcr eine kulturelle Tour zu Schl\u00f6ssern und Kunstwerken in unserer Region &#8230;. <strong>LEBEN WIE EIN EINHEIMISCHER!<\/strong><\/p>\n<p>Dar\u00fcber hinaus erm\u00f6glicht Ihnen unsere gr\u00fcne Philosophie, in einem Hotel in Misano Adriatico unter voller Ber\u00fccksichtigung der Umwelt mit \u00dcberwachung des Verbrauchs dank unserer Hausautomation zu \u00fcbernachten, der Parkplatz, auf dem Sie Ihr Auto abstellen k\u00f6nnen, ist nur einen Steinwurf von uns und den Fahrr\u00e4dern entfernt stehen Ihnen jederzeit zur Verf\u00fcgung, der begrenzte Einsatz von Plastik im gesamten Hotel und das Energiesparen lassen Sie auch im Urlaub der Umwelt etwas Gutes tun!<\/p>\n<p><img loading=\"lazy\" decoding=\"async\" class=\"size-full wp-image-257 alignright\" src=\"https:\/\/www.augustusmisano.it\/wp-content\/uploads\/2020\/01\/signatures.png\" alt=\"Giancarlo, Sandra, Annalisa e Francesca\" width=\"585\" height=\"76\" data-big-size=\"585x76\" \/><\/p>\n","protected":false},"excerpt":{"rendered":"<p>In Misano Adriatico gibt es viele Hotels und dann gibt es noch das Hotel Augustus, die richtige Mischung f\u00fcr Ihren Urlaub in der Romagna. Hier finden Sie unsere Familie, die dieses 3-Sterne-Hotel seit 1953 f\u00fchrt, und wir freuen uns, Sie in Misano Brasile am Meer und nur einen Steinwurf vom Zentrum entfernt begr\u00fc\u00dfen zu d\u00fcrfen. Machen Sie einen schnellen Check-in auch von Ihrem Auto oder Zug aus ohne Warteschlange, Sie &#8230;<\/p>\n","protected":false},"author":1,"featured_media":0,"parent":0,"menu_order":0,"comment_status":"closed","ping_status":"open","template":"","meta":{"_acf_changed":false},"class_list":["post-1001","page","type-page","status-publish","hentry"],"acf":[],"_links":{"self":[{"href":"https:\/\/www.augustusmisano.it\/de\/wp-json\/wp\/v2\/pages\/1001","targetHints":{"allow":["GET"]}}],"collection":[{"href":"https:\/\/www.augustusmisano.it\/de\/wp-json\/wp\/v2\/pages"}],"about":[{"href":"https:\/\/www.augustusmisano.it\/de\/wp-json\/wp\/v2\/types\/page"}],"author":[{"embeddable":true,"href":"https:\/\/www.augustusmisano.it\/de\/wp-json\/wp\/v2\/users\/1"}],"replies":[{"embeddable":true,"href":"https:\/\/www.augustusmisano.it\/de\/wp-json\/wp\/v2\/comments?post=1001"}],"version-history":[{"count":0,"href":"https:\/\/www.augustusmisano.it\/de\/wp-json\/wp\/v2\/pages\/1001\/revisions"}],"wp:attachment":[{"href":"https:\/\/www.augustusmisano.it\/de\/wp-json\/wp\/v2\/media?parent=1001"}],"curies":[{"name":"wp","href":"https:\/\/api.w.org\/{rel}","templated":true}]}}